{"id":86,"date":"2023-05-06T21:38:50","date_gmt":"2023-05-06T21:38:50","guid":{"rendered":"https:\/\/diocesisdesancarloscojedes.com\/?page_id=86"},"modified":"2026-01-21T19:22:52","modified_gmt":"2026-01-21T19:22:52","slug":"autoridades","status":"publish","type":"page","link":"https:\/\/diocesisdesancarloscojedes.com\/?page_id=86","title":{"rendered":"Autoridades"},"content":{"rendered":"<div class=\"wp-block-columns is-layout-flex wp-container-core-columns-is-layout-1 wp-block-columns-is-layout-flex\"><div class=\"wp-block-column is-layout-flow wp-block-column-is-layout-flow\"><\/div>\n\n<div class=\"wp-block-column is-layout-flow wp-block-column-is-layout-flow\"><figure class=\"wp-block-image size-large\"><img fetchpriority=\"high\" decoding=\"async\" width=\"1024\" height=\"1024\" src=\"http:\/\/diocesisdesancarloscojedes.com\/wp-content\/uploads\/2023\/06\/CARLOS-LUIS-ALVAREZ-1024x1024.png\" alt=\"\" class=\"wp-image-662\" srcset=\"https:\/\/diocesisdesancarloscojedes.com\/wp-content\/uploads\/2023\/06\/CARLOS-LUIS-ALVAREZ-1024x1024.png 1024w, https:\/\/diocesisdesancarloscojedes.com\/wp-content\/uploads\/2023\/06\/CARLOS-LUIS-ALVAREZ-300x300.png 300w, https:\/\/diocesisdesancarloscojedes.com\/wp-content\/uploads\/2023\/06\/CARLOS-LUIS-ALVAREZ-150x150.png 150w, https:\/\/diocesisdesancarloscojedes.com\/wp-content\/uploads\/2023\/06\/CARLOS-LUIS-ALVAREZ-768x768.png 768w, https:\/\/diocesisdesancarloscojedes.com\/wp-content\/uploads\/2023\/06\/CARLOS-LUIS-ALVAREZ-600x600.png 600w, https:\/\/diocesisdesancarloscojedes.com\/wp-content\/uploads\/2023\/06\/CARLOS-LUIS-ALVAREZ-100x100.png 100w, https:\/\/diocesisdesancarloscojedes.com\/wp-content\/uploads\/2023\/06\/CARLOS-LUIS-ALVAREZ.png 1080w\" sizes=\"(max-width: 1024px) 100vw, 1024px\" \/><\/figure><\/div>\n\n<div class=\"wp-block-column is-layout-flow wp-block-column-is-layout-flow\"><figure class=\"wp-block-image size-large\"><img decoding=\"async\" width=\"1024\" height=\"1024\" src=\"http:\/\/diocesisdesancarloscojedes.com\/wp-content\/uploads\/2023\/06\/VICTOR-PARADA-1024x1024.png\" alt=\"\" class=\"wp-image-685\" srcset=\"https:\/\/diocesisdesancarloscojedes.com\/wp-content\/uploads\/2023\/06\/VICTOR-PARADA-1024x1024.png 1024w, https:\/\/diocesisdesancarloscojedes.com\/wp-content\/uploads\/2023\/06\/VICTOR-PARADA-300x300.png 300w, https:\/\/diocesisdesancarloscojedes.com\/wp-content\/uploads\/2023\/06\/VICTOR-PARADA-150x150.png 150w, https:\/\/diocesisdesancarloscojedes.com\/wp-content\/uploads\/2023\/06\/VICTOR-PARADA-768x768.png 768w, https:\/\/diocesisdesancarloscojedes.com\/wp-content\/uploads\/2023\/06\/VICTOR-PARADA-600x600.png 600w, https:\/\/diocesisdesancarloscojedes.com\/wp-content\/uploads\/2023\/06\/VICTOR-PARADA-100x100.png 100w, https:\/\/diocesisdesancarloscojedes.com\/wp-content\/uploads\/2023\/06\/VICTOR-PARADA.png 1080w\" sizes=\"(max-width: 1024px) 100vw, 1024px\" \/><\/figure><\/div><\/div><div class=\"wp-block-columns is-layout-flex wp-container-core-columns-is-layout-2 wp-block-columns-is-layout-flex\"><div class=\"wp-block-column is-layout-flow wp-block-column-is-layout-flow\"><\/div>\n\n<div class=\"wp-block-column is-layout-flow wp-block-column-is-layout-flow\"><div class=\"wp-block-buttons is-layout-flex wp-block-buttons-is-layout-flex\"><div class=\"wp-block-button has-custom-font-size\" style=\"font-size:17px\"><a class=\"wp-block-button__link has-background wp-element-button\" style=\"background-color:#b01a1a\">Pbro. Carlos Luis \u00c1lvarez- Vicario de Pastoral<\/a><\/div><\/div><\/div>\n\n<div class=\"wp-block-column is-layout-flow wp-block-column-is-layout-flow\"><div class=\"wp-block-buttons is-layout-flex wp-block-buttons-is-layout-flex\"><div class=\"wp-block-button has-custom-font-size\" style=\"font-size:17px\"><a class=\"wp-block-button__link has-background wp-element-button\" style=\"background-color:#b11a1a\">Pbro. V\u00edctor Parada-         Vicario Judicial<\/a><\/div><\/div><\/div><\/div><div class=\"wp-block-columns is-layout-flex wp-container-core-columns-is-layout-3 wp-block-columns-is-layout-flex\"><div class=\"wp-block-column is-layout-flow wp-block-column-is-layout-flow\"><figure class=\"wp-block-image size-large\"><img decoding=\"async\" width=\"1024\" height=\"1024\" src=\"http:\/\/diocesisdesancarloscojedes.com\/wp-content\/uploads\/2023\/06\/JOSE-LUIS-NAVA-1024x1024.png\" alt=\"\" class=\"wp-image-675\" srcset=\"https:\/\/diocesisdesancarloscojedes.com\/wp-content\/uploads\/2023\/06\/JOSE-LUIS-NAVA-1024x1024.png 1024w, https:\/\/diocesisdesancarloscojedes.com\/wp-content\/uploads\/2023\/06\/JOSE-LUIS-NAVA-300x300.png 300w, https:\/\/diocesisdesancarloscojedes.com\/wp-content\/uploads\/2023\/06\/JOSE-LUIS-NAVA-150x150.png 150w, https:\/\/diocesisdesancarloscojedes.com\/wp-content\/uploads\/2023\/06\/JOSE-LUIS-NAVA-768x768.png 768w, https:\/\/diocesisdesancarloscojedes.com\/wp-content\/uploads\/2023\/06\/JOSE-LUIS-NAVA-600x600.png 600w, https:\/\/diocesisdesancarloscojedes.com\/wp-content\/uploads\/2023\/06\/JOSE-LUIS-NAVA-100x100.png 100w, https:\/\/diocesisdesancarloscojedes.com\/wp-content\/uploads\/2023\/06\/JOSE-LUIS-NAVA.png 1080w\" sizes=\"(max-width: 1024px) 100vw, 1024px\" \/><\/figure><\/div>\n\n<div class=\"wp-block-column is-layout-flow wp-block-column-is-layout-flow\"><figure class=\"wp-block-image size-large\"><img loading=\"lazy\" decoding=\"async\" width=\"1024\" height=\"1024\" src=\"http:\/\/diocesisdesancarloscojedes.com\/wp-content\/uploads\/2023\/06\/CESAR-GONZALEZ-1024x1024.png\" alt=\"\" class=\"wp-image-663\" srcset=\"https:\/\/diocesisdesancarloscojedes.com\/wp-content\/uploads\/2023\/06\/CESAR-GONZALEZ-1024x1024.png 1024w, https:\/\/diocesisdesancarloscojedes.com\/wp-content\/uploads\/2023\/06\/CESAR-GONZALEZ-300x300.png 300w, https:\/\/diocesisdesancarloscojedes.com\/wp-content\/uploads\/2023\/06\/CESAR-GONZALEZ-150x150.png 150w, https:\/\/diocesisdesancarloscojedes.com\/wp-content\/uploads\/2023\/06\/CESAR-GONZALEZ-768x768.png 768w, https:\/\/diocesisdesancarloscojedes.com\/wp-content\/uploads\/2023\/06\/CESAR-GONZALEZ-600x600.png 600w, https:\/\/diocesisdesancarloscojedes.com\/wp-content\/uploads\/2023\/06\/CESAR-GONZALEZ-100x100.png 100w, https:\/\/diocesisdesancarloscojedes.com\/wp-content\/uploads\/2023\/06\/CESAR-GONZALEZ.png 1080w\" sizes=\"(max-width: 1024px) 100vw, 1024px\" \/><\/figure><\/div>\n\n<div class=\"wp-block-column is-layout-flow wp-block-column-is-layout-flow\"><figure class=\"wp-block-image size-large\"><img loading=\"lazy\" decoding=\"async\" width=\"1024\" height=\"1024\" src=\"http:\/\/diocesisdesancarloscojedes.com\/wp-content\/uploads\/2023\/06\/RODOLFO-MONSALVE-1024x1024.png\" alt=\"\" class=\"wp-image-682\" srcset=\"https:\/\/diocesisdesancarloscojedes.com\/wp-content\/uploads\/2023\/06\/RODOLFO-MONSALVE-1024x1024.png 1024w, https:\/\/diocesisdesancarloscojedes.com\/wp-content\/uploads\/2023\/06\/RODOLFO-MONSALVE-300x300.png 300w, https:\/\/diocesisdesancarloscojedes.com\/wp-content\/uploads\/2023\/06\/RODOLFO-MONSALVE-150x150.png 150w, https:\/\/diocesisdesancarloscojedes.com\/wp-content\/uploads\/2023\/06\/RODOLFO-MONSALVE-768x768.png 768w, https:\/\/diocesisdesancarloscojedes.com\/wp-content\/uploads\/2023\/06\/RODOLFO-MONSALVE-600x600.png 600w, https:\/\/diocesisdesancarloscojedes.com\/wp-content\/uploads\/2023\/06\/RODOLFO-MONSALVE-100x100.png 100w, https:\/\/diocesisdesancarloscojedes.com\/wp-content\/uploads\/2023\/06\/RODOLFO-MONSALVE.png 1080w\" sizes=\"(max-width: 1024px) 100vw, 1024px\" \/><\/figure><\/div><\/div><div class=\"wp-block-columns is-layout-flex wp-container-core-columns-is-layout-4 wp-block-columns-is-layout-flex\"><div class=\"wp-block-column is-layout-flow wp-block-column-is-layout-flow\"><div class=\"wp-block-buttons is-layout-flex wp-block-buttons-is-layout-flex\"><div class=\"wp-block-button has-custom-font-size\" style=\"font-size:17px\"><a class=\"wp-block-button__link has-background wp-element-button\" style=\"background-color:#b01818\">Pbro. Jos\u00e9 Luis Nava-   Canciller<\/a><\/div><\/div><\/div>\n\n<div class=\"wp-block-column is-layout-flow wp-block-column-is-layout-flow\"><div class=\"wp-block-buttons is-layout-flex wp-block-buttons-is-layout-flex\"><div class=\"wp-block-button has-custom-font-size\" style=\"font-size:17px\"><a class=\"wp-block-button__link has-background wp-element-button\" style=\"background-color:#ac1b1b\">Di\u00e1c. C\u00e9sar Gonz\u00e1lez- Ec\u00f3nomo<\/a><\/div><\/div><\/div>\n\n<div class=\"wp-block-column is-layout-flow wp-block-column-is-layout-flow\"><div class=\"wp-block-buttons is-layout-flex wp-block-buttons-is-layout-flex\"><div class=\"wp-block-button has-custom-font-size is-style-fill\" style=\"font-size:16px\"><a class=\"wp-block-button__link has-background wp-element-button\" style=\"border-radius:79px;background-color:#ae2222\">Pbro. Rodolfo Monsalve-  Vicario para el Clero<\/a><\/div><\/div><\/div><\/div>","protected":false},"excerpt":{"rendered":"","protected":false},"author":1,"featured_media":0,"parent":78,"menu_order":5,"comment_status":"closed","ping_status":"closed","template":"","meta":{"_eb_attr":"","om_disable_all_campaigns":false,"_monsterinsights_skip_tracking":false,"_monsterinsights_sitenote_active":false,"_monsterinsights_sitenote_note":"","_monsterinsights_sitenote_category":0,"_uf_show_specific_survey":0,"_uf_disable_surveys":false,"footnotes":""},"class_list":["post-86","page","type-page","status-publish","hentry"],"aioseo_notices":[],"_links":{"self":[{"href":"https:\/\/diocesisdesancarloscojedes.com\/index.php?rest_route=\/wp\/v2\/pages\/86"}],"collection":[{"href":"https:\/\/diocesisdesancarloscojedes.com\/index.php?rest_route=\/wp\/v2\/pages"}],"about":[{"href":"https:\/\/diocesisdesancarloscojedes.com\/index.php?rest_route=\/wp\/v2\/types\/page"}],"author":[{"embeddable":true,"href":"https:\/\/diocesisdesancarloscojedes.com\/index.php?rest_route=\/wp\/v2\/users\/1"}],"replies":[{"embeddable":true,"href":"https:\/\/diocesisdesancarloscojedes.com\/index.php?rest_route=%2Fwp%2Fv2%2Fcomments&post=86"}],"version-history":[{"count":9,"href":"https:\/\/diocesisdesancarloscojedes.com\/index.php?rest_route=\/wp\/v2\/pages\/86\/revisions"}],"predecessor-version":[{"id":2248,"href":"https:\/\/diocesisdesancarloscojedes.com\/index.php?rest_route=\/wp\/v2\/pages\/86\/revisions\/2248"}],"up":[{"embeddable":true,"href":"https:\/\/diocesisdesancarloscojedes.com\/index.php?rest_route=\/wp\/v2\/pages\/78"}],"wp:attachment":[{"href":"https:\/\/diocesisdesancarloscojedes.com\/index.php?rest_route=%2Fwp%2Fv2%2Fmedia&parent=86"}],"curies":[{"name":"wp","href":"https:\/\/api.w.org\/{rel}","templated":true}]}}