{"id":82,"date":"2023-05-06T21:36:31","date_gmt":"2023-05-06T21:36:31","guid":{"rendered":"https:\/\/diocesisdesancarloscojedes.com\/?page_id=82"},"modified":"2023-06-02T14:16:37","modified_gmt":"2023-06-02T14:16:37","slug":"escudo","status":"publish","type":"page","link":"https:\/\/diocesisdesancarloscojedes.com\/?page_id=82","title":{"rendered":"Escudo"},"content":{"rendered":"<figure class=\"wp-block-image alignright size-full\"><img fetchpriority=\"high\" decoding=\"async\" width=\"350\" height=\"425\" src=\"http:\/\/diocesisdesancarloscojedes.com\/wp-content\/uploads\/2023\/05\/ESCUDO-PNG-2.png\" alt=\"\" class=\"wp-image-22\" srcset=\"https:\/\/diocesisdesancarloscojedes.com\/wp-content\/uploads\/2023\/05\/ESCUDO-PNG-2.png 350w, https:\/\/diocesisdesancarloscojedes.com\/wp-content\/uploads\/2023\/05\/ESCUDO-PNG-2-247x300.png 247w\" sizes=\"(max-width: 350px) 100vw, 350px\" \/><\/figure><p>El escudo actual de la Di\u00f3cesis de San Carlos, fue elaborado en febrero de 2021 en preparaci\u00f3n a la celebraci\u00f3n del A\u00f1o Jubilar por los 50 a\u00f1os de erecci\u00f3n can\u00f3nica. Por este motivo fue lanzado el d\u00eda 16 de mayo de 2021 en paralelo a la Misa de apertura de Inicio del A\u00f1o Jubilar.<\/p><p>Es un Escudo que no posee divisiones, pues su gran elemento central es un <strong>crism\u00f3n<\/strong>, elemento grafico utilizado por las primeras comunidades cristianas para representar a Cristo, en el escudo tiene una variaci\u00f3n con un b\u00e1culo incrustado que significa el pastoreo al pueblo Cojede\u00f1o. <\/p><p>En la parte baja aparece un <strong>Sol<\/strong>, signo distintivo del estado Cojedes, que aparece tambi\u00e9n en el escudo civil y en el himno del estado &#8220;<em>En las pampas que surca el Cojedes y fecundan los rayos del sol paz y leyes proclama el llanero libertad y derechos y honor<\/em>&#8220;. En el Sol aparece la silueta de la <strong>Virgen Mar\u00eda, Madre del Divino Pastor, <\/strong>Doncella de los llanos cojede\u00f1os y patrona de la Di\u00f3cesis de San Carlos.<\/p><p>Los Colores <strong>Vinotinto y Dorado<\/strong> significan los colores eucar\u00edsticos. El dorado recuerda los trigales de donde se obtiene la materia primaria del Pan Eucar\u00edstico, mientras que el Vinotinto, el vino. <\/p>","protected":false},"excerpt":{"rendered":"<p>El escudo actual de la Di\u00f3cesis de San Carlos, fue elaborado en febrero de 2021&#8230;<\/p>\n","protected":false},"author":1,"featured_media":0,"parent":78,"menu_order":3,"comment_status":"closed","ping_status":"closed","template":"","meta":{"_eb_attr":"","om_disable_all_campaigns":false,"_monsterinsights_skip_tracking":false,"_monsterinsights_sitenote_active":false,"_monsterinsights_sitenote_note":"","_monsterinsights_sitenote_category":0,"_uf_show_specific_survey":0,"_uf_disable_surveys":false,"footnotes":""},"class_list":["post-82","page","type-page","status-publish","hentry"],"aioseo_notices":[],"_links":{"self":[{"href":"https:\/\/diocesisdesancarloscojedes.com\/index.php?rest_route=\/wp\/v2\/pages\/82"}],"collection":[{"href":"https:\/\/diocesisdesancarloscojedes.com\/index.php?rest_route=\/wp\/v2\/pages"}],"about":[{"href":"https:\/\/diocesisdesancarloscojedes.com\/index.php?rest_route=\/wp\/v2\/types\/page"}],"author":[{"embeddable":true,"href":"https:\/\/diocesisdesancarloscojedes.com\/index.php?rest_route=\/wp\/v2\/users\/1"}],"replies":[{"embeddable":true,"href":"https:\/\/diocesisdesancarloscojedes.com\/index.php?rest_route=%2Fwp%2Fv2%2Fcomments&post=82"}],"version-history":[{"count":2,"href":"https:\/\/diocesisdesancarloscojedes.com\/index.php?rest_route=\/wp\/v2\/pages\/82\/revisions"}],"predecessor-version":[{"id":365,"href":"https:\/\/diocesisdesancarloscojedes.com\/index.php?rest_route=\/wp\/v2\/pages\/82\/revisions\/365"}],"up":[{"embeddable":true,"href":"https:\/\/diocesisdesancarloscojedes.com\/index.php?rest_route=\/wp\/v2\/pages\/78"}],"wp:attachment":[{"href":"https:\/\/diocesisdesancarloscojedes.com\/index.php?rest_route=%2Fwp%2Fv2%2Fmedia&parent=82"}],"curies":[{"name":"wp","href":"https:\/\/api.w.org\/{rel}","templated":true}]}}