{"id":262,"date":"2023-05-07T01:19:05","date_gmt":"2023-05-07T01:19:05","guid":{"rendered":"https:\/\/diocesisdesancarloscojedes.com\/?page_id=262"},"modified":"2023-12-13T17:41:57","modified_gmt":"2023-12-13T17:41:57","slug":"canciones","status":"publish","type":"page","link":"https:\/\/diocesisdesancarloscojedes.com\/?page_id=262","title":{"rendered":"Canciones"},"content":{"rendered":"<h2 class=\"wp-block-heading\">Himno Fiestas Patronales Mar\u00eda, Madre del Divino Pastor 2023<\/h2><p><p>T\u00edtulo: Fue un S\u00ed<\/p><p>Compositor: Jes\u00fas Manuel Ochoa-Sem. Enrique Loreto<\/p><p>Interpreta: Banda Cat\u00f3lica Akros.<\/p><\/p><figure class=\"wp-block-embed is-type-video is-provider-youtube wp-block-embed-youtube wp-embed-aspect-4-3 wp-has-aspect-ratio\"><div class=\"wp-block-embed__wrapper\">\n<iframe title=\"HIMNO FIESTA PATRONALES MAR\u00cdA, MADRE DEL DIVINO PASTOR 2023\" width=\"640\" height=\"480\" src=\"https:\/\/www.youtube.com\/embed\/k-VHwEGh8uE?feature=oembed\" frameborder=\"0\" allow=\"accelerometer; autoplay; clipboard-write; encrypted-media; gyroscope; picture-in-picture; web-share\" referrerpolicy=\"strict-origin-when-cross-origin\" allowfullscreen><\/iframe>\n<\/div><\/figure><h2 class=\"wp-block-heading\">Canci\u00f3n Diocesana camino al 5to ENAJ\u00d3 2023<\/h2><p>T\u00edtulo: Vivamos como Mar\u00eda<\/p><p>Compositor: Jes\u00fas Manuel Ochoa-Sem. Enrique Loreto<\/p><p>Interpreta: Banda Cat\u00f3lica Akros.<\/p><figure class=\"wp-block-embed is-type-video is-provider-youtube wp-block-embed-youtube wp-embed-aspect-16-9 wp-has-aspect-ratio\"><div class=\"wp-block-embed__wrapper\">\n<iframe title=\"VIVAMOS COMO MAR\u00cdA-Canci\u00f3n Diocesana Camino al 5to ENAJ\u00d3 2023\" width=\"640\" height=\"360\" src=\"https:\/\/www.youtube.com\/embed\/I-sEww5EYhk?feature=oembed\" frameborder=\"0\" allow=\"accelerometer; autoplay; clipboard-write; encrypted-media; gyroscope; picture-in-picture; web-share\" referrerpolicy=\"strict-origin-when-cross-origin\" allowfullscreen><\/iframe>\n<\/div><\/figure><h2 class=\"wp-block-heading\">Mensaje de Navidad 2022<\/h2><p><p>T\u00edtulo: El Pueblo que Caminaba en las tinieblas ha visto una gran Luz<\/p><\/p><p><p>Compositor: Isidro Denit Riobueno<\/p><\/p><p><p>Interpreta: Banda Cat\u00f3lica Akros<\/p><\/p><p>Coordinaci\u00f3n general del Proyecto: Pastoral de la Comunicaci\u00f3n <\/p><figure class=\"wp-block-embed is-type-video is-provider-youtube wp-block-embed-youtube wp-embed-aspect-16-9 wp-has-aspect-ratio\"><div class=\"wp-block-embed__wrapper\">\n<iframe title=\"MENSAJE DE NAVIDAD 2022 - Di\u00f3cesis de San Carlos\" width=\"640\" height=\"360\" src=\"https:\/\/www.youtube.com\/embed\/QupBecSwCTs?feature=oembed\" frameborder=\"0\" allow=\"accelerometer; autoplay; clipboard-write; encrypted-media; gyroscope; picture-in-picture; web-share\" referrerpolicy=\"strict-origin-when-cross-origin\" allowfullscreen><\/iframe>\n<\/div><\/figure><h2 class=\"wp-block-heading\">Himno Fiestas Patronales Mar\u00eda Madre del Divino Pastor 2022<\/h2><p>T\u00edtulo: Cojedes, Mar\u00eda camina Contigo<\/p><p>Compositor: Isidro Denit Riobueno<\/p><p>Interpreta: Banda Cat\u00f3lica Akros<\/p><figure class=\"wp-block-embed is-type-video is-provider-youtube wp-block-embed-youtube wp-embed-aspect-16-9 wp-has-aspect-ratio\"><div class=\"wp-block-embed__wrapper\">\n<iframe title=\"(Himno Oficial) Fiestas Patronales Mar\u00eda, Madre del Divino Pastor 2022 - Di\u00f3cesis de San Carlos\" width=\"640\" height=\"360\" src=\"https:\/\/www.youtube.com\/embed\/AvpgfiktFGA?feature=oembed\" frameborder=\"0\" allow=\"accelerometer; autoplay; clipboard-write; encrypted-media; gyroscope; picture-in-picture; web-share\" referrerpolicy=\"strict-origin-when-cross-origin\" allowfullscreen><\/iframe>\n<\/div><\/figure><h2 class=\"wp-block-heading\">Himno A\u00f1o Jubilar-50 A\u00f1os de la Di\u00f3cesis de San Carlos<\/h2><p>T\u00edtulo: Caminemos Juntos<\/p><p>Compositor: Maria Anna Bofelli<\/p><p>Interpreta: Ministerio de M\u00fasica Chiquinquir\u00e1<\/p><figure class=\"wp-block-embed is-type-video is-provider-youtube wp-block-embed-youtube wp-embed-aspect-4-3 wp-has-aspect-ratio\"><div class=\"wp-block-embed__wrapper\">\n<iframe title=\"Caminemos Juntos-Himno del A\u00f1o Jubilar\" width=\"640\" height=\"480\" src=\"https:\/\/www.youtube.com\/embed\/lYTp5WKl_CY?feature=oembed\" frameborder=\"0\" allow=\"accelerometer; autoplay; clipboard-write; encrypted-media; gyroscope; picture-in-picture; web-share\" referrerpolicy=\"strict-origin-when-cross-origin\" allowfullscreen><\/iframe>\n<\/div><\/figure>","protected":false},"excerpt":{"rendered":"<p>Himno Fiestas Patronales Mar\u00eda, Madre del Divino Pastor 2023 T\u00edtulo: Fue un S\u00ed Compositor: Jes\u00fas&#8230;<\/p>\n","protected":false},"author":1,"featured_media":0,"parent":164,"menu_order":0,"comment_status":"closed","ping_status":"closed","template":"","meta":{"_eb_attr":"","om_disable_all_campaigns":false,"_monsterinsights_skip_tracking":false,"_monsterinsights_sitenote_active":false,"_monsterinsights_sitenote_note":"","_monsterinsights_sitenote_category":0,"_uf_show_specific_survey":0,"_uf_disable_surveys":false,"footnotes":""},"class_list":["post-262","page","type-page","status-publish","hentry"],"aioseo_notices":[],"_links":{"self":[{"href":"https:\/\/diocesisdesancarloscojedes.com\/index.php?rest_route=\/wp\/v2\/pages\/262"}],"collection":[{"href":"https:\/\/diocesisdesancarloscojedes.com\/index.php?rest_route=\/wp\/v2\/pages"}],"about":[{"href":"https:\/\/diocesisdesancarloscojedes.com\/index.php?rest_route=\/wp\/v2\/types\/page"}],"author":[{"embeddable":true,"href":"https:\/\/diocesisdesancarloscojedes.com\/index.php?rest_route=\/wp\/v2\/users\/1"}],"replies":[{"embeddable":true,"href":"https:\/\/diocesisdesancarloscojedes.com\/index.php?rest_route=%2Fwp%2Fv2%2Fcomments&post=262"}],"version-history":[{"count":4,"href":"https:\/\/diocesisdesancarloscojedes.com\/index.php?rest_route=\/wp\/v2\/pages\/262\/revisions"}],"predecessor-version":[{"id":1047,"href":"https:\/\/diocesisdesancarloscojedes.com\/index.php?rest_route=\/wp\/v2\/pages\/262\/revisions\/1047"}],"up":[{"embeddable":true,"href":"https:\/\/diocesisdesancarloscojedes.com\/index.php?rest_route=\/wp\/v2\/pages\/164"}],"wp:attachment":[{"href":"https:\/\/diocesisdesancarloscojedes.com\/index.php?rest_route=%2Fwp%2Fv2%2Fmedia&parent=262"}],"curies":[{"name":"wp","href":"https:\/\/api.w.org\/{rel}","templated":true}]}}