{"id":252,"date":"2023-05-07T01:09:11","date_gmt":"2023-05-07T01:09:11","guid":{"rendered":"https:\/\/diocesisdesancarloscojedes.com\/?page_id=252"},"modified":"2023-06-19T13:16:23","modified_gmt":"2023-06-19T13:16:23","slug":"al-servicio-de-la-caridad","status":"publish","type":"page","link":"https:\/\/diocesisdesancarloscojedes.com\/?page_id=252","title":{"rendered":"Al Servicio de la Caridad"},"content":{"rendered":"<h2 class=\"wp-block-heading\">Casa Hogar Madre Teresa de Calcuta<\/h2><p><strong>Ancianato<\/strong><\/p><p>Responsables: Congregaci\u00f3n de Marta y Mar\u00eda<\/p><iframe src=\"https:\/\/www.google.com\/maps\/embed?pb=!1m18!1m12!1m3!1d717.9662888183204!2d-68.6918548897886!3d9.359642876237318!2m3!1f0!2f0!3f0!3m2!1i1024!2i768!4f13.1!3m3!1m2!1s0x8e7e65240cb88c2f%3A0x3419212e43a05a24!2sAsilo%20de%20ancianos!5e0!3m2!1ses-419!2sve!4v1687180188733!5m2!1ses-419!2sve\" width=\"1200\" height=\"200\" style=\"border:0;\" allowfullscreen=\"\" loading=\"lazy\" referrerpolicy=\"no-referrer-when-downgrade\"><\/iframe><h2 class=\"wp-block-heading\">Casa Hogar Sagrado Coraz\u00f3n de Jes\u00fas<\/h2><p><strong>Orfanato para ni\u00f1as en situaci\u00f3n de calle<\/strong><\/p><p>Responsables: Hermanas Josefinas<\/p><iframe src=\"https:\/\/www.google.com\/maps\/embed?pb=!1m18!1m12!1m3!1d1783.303917274915!2d-68.28924377203398!3d9.928754129869557!2m3!1f0!2f0!3f0!3m2!1i1024!2i768!4f13.1!3m3!1m2!1s0x8e8083e6ef22401b%3A0x2edca7b08dbfaea9!2sHogar%20Sagrado%20Coraz%C3%B3n%20de%20Jes%C3%BAs!5e0!3m2!1ses-419!2sve!4v1687180425475!5m2!1ses-419!2sve\" width=\"1200\" height=\"200\" style=\"border:0;\" allowfullscreen=\"\" loading=\"lazy\" referrerpolicy=\"no-referrer-when-downgrade\"><\/iframe><h2 class=\"wp-block-heading\">Comedor Monse\u00f1or Polito Rodr\u00edguez M\u00e9ndez<\/h2><p><strong>Comedor<\/strong><\/p><p>Responsables: Hermanas Josefinas<\/p><iframe src=\"https:\/\/www.google.com\/maps\/embed?pb=!1m18!1m12!1m3!1d1783.303917274915!2d-68.28924377203398!3d9.928754129869557!2m3!1f0!2f0!3f0!3m2!1i1024!2i768!4f13.1!3m3!1m2!1s0x8e8083e6ef22401b%3A0x2edca7b08dbfaea9!2sHogar%20Sagrado%20Coraz%C3%B3n%20de%20Jes%C3%BAs!5e0!3m2!1ses-419!2sve!4v1687180549700!5m2!1ses-419!2sve\" width=\"1200\" height=\"200\" style=\"border:0;\" allowfullscreen=\"\" loading=\"lazy\" referrerpolicy=\"no-referrer-when-downgrade\"><\/iframe>","protected":false},"excerpt":{"rendered":"<p>Casa Hogar Madre Teresa de Calcuta Ancianato Responsables: Congregaci\u00f3n de Marta y Mar\u00eda Casa Hogar&#8230;<\/p>\n","protected":false},"author":1,"featured_media":0,"parent":160,"menu_order":0,"comment_status":"closed","ping_status":"closed","template":"","meta":{"_eb_attr":"","om_disable_all_campaigns":false,"_monsterinsights_skip_tracking":false,"_monsterinsights_sitenote_active":false,"_monsterinsights_sitenote_note":"","_monsterinsights_sitenote_category":0,"_uf_show_specific_survey":0,"_uf_disable_surveys":false,"footnotes":""},"class_list":["post-252","page","type-page","status-publish","hentry"],"aioseo_notices":[],"_links":{"self":[{"href":"https:\/\/diocesisdesancarloscojedes.com\/index.php?rest_route=\/wp\/v2\/pages\/252"}],"collection":[{"href":"https:\/\/diocesisdesancarloscojedes.com\/index.php?rest_route=\/wp\/v2\/pages"}],"about":[{"href":"https:\/\/diocesisdesancarloscojedes.com\/index.php?rest_route=\/wp\/v2\/types\/page"}],"author":[{"embeddable":true,"href":"https:\/\/diocesisdesancarloscojedes.com\/index.php?rest_route=\/wp\/v2\/users\/1"}],"replies":[{"embeddable":true,"href":"https:\/\/diocesisdesancarloscojedes.com\/index.php?rest_route=%2Fwp%2Fv2%2Fcomments&post=252"}],"version-history":[{"count":2,"href":"https:\/\/diocesisdesancarloscojedes.com\/index.php?rest_route=\/wp\/v2\/pages\/252\/revisions"}],"predecessor-version":[{"id":826,"href":"https:\/\/diocesisdesancarloscojedes.com\/index.php?rest_route=\/wp\/v2\/pages\/252\/revisions\/826"}],"up":[{"embeddable":true,"href":"https:\/\/diocesisdesancarloscojedes.com\/index.php?rest_route=\/wp\/v2\/pages\/160"}],"wp:attachment":[{"href":"https:\/\/diocesisdesancarloscojedes.com\/index.php?rest_route=%2Fwp%2Fv2%2Fmedia&parent=252"}],"curies":[{"name":"wp","href":"https:\/\/api.w.org\/{rel}","templated":true}]}}