{"id":250,"date":"2023-05-07T01:08:00","date_gmt":"2023-05-07T01:08:00","guid":{"rendered":"https:\/\/diocesisdesancarloscojedes.com\/?page_id=250"},"modified":"2023-06-16T13:32:41","modified_gmt":"2023-06-16T13:32:41","slug":"coral-diocesana-pbro-rafael-silva","status":"publish","type":"page","link":"https:\/\/diocesisdesancarloscojedes.com\/?page_id=250","title":{"rendered":"Coral Diocesana &#8220;Pbro. Rafael Silva&#8221;"},"content":{"rendered":"<p>La Coral Diocesana se enmarca como una linea de acci\u00f3n del Plan Integral de Pastoral Diocesano para una Iglesia en Salida 2020-2025 en la Dimension Espiritual y Celebrativa y como regalo para la Di\u00f3cesis para el jubileo por los 50 a\u00f1os de fundaci\u00f3n de la Di\u00f3cesis de San Carlos. Fue fundada en Enero de 2022 y su primera presentaci\u00f3n fue en la misa de Ordenaci\u00f3n de los Presb\u00edteros Jos\u00e9 Enrique S\u00e1nchez y Jos\u00e9 Eudesmo Mercado con motivo del Jubileo de los Sacerdotes y d\u00eda de San Jos\u00e9, el 19 de Marzo de 2022.<\/p><p>  <\/p>","protected":false},"excerpt":{"rendered":"<p>La Coral Diocesana se enmarca como una linea de acci\u00f3n del Plan Integral de Pastoral&#8230;<\/p>\n","protected":false},"author":1,"featured_media":0,"parent":160,"menu_order":0,"comment_status":"closed","ping_status":"closed","template":"","meta":{"_eb_attr":"","om_disable_all_campaigns":false,"_monsterinsights_skip_tracking":false,"_monsterinsights_sitenote_active":false,"_monsterinsights_sitenote_note":"","_monsterinsights_sitenote_category":0,"_uf_show_specific_survey":0,"_uf_disable_surveys":false,"footnotes":""},"class_list":["post-250","page","type-page","status-publish","hentry"],"aioseo_notices":[],"_links":{"self":[{"href":"https:\/\/diocesisdesancarloscojedes.com\/index.php?rest_route=\/wp\/v2\/pages\/250"}],"collection":[{"href":"https:\/\/diocesisdesancarloscojedes.com\/index.php?rest_route=\/wp\/v2\/pages"}],"about":[{"href":"https:\/\/diocesisdesancarloscojedes.com\/index.php?rest_route=\/wp\/v2\/types\/page"}],"author":[{"embeddable":true,"href":"https:\/\/diocesisdesancarloscojedes.com\/index.php?rest_route=\/wp\/v2\/users\/1"}],"replies":[{"embeddable":true,"href":"https:\/\/diocesisdesancarloscojedes.com\/index.php?rest_route=%2Fwp%2Fv2%2Fcomments&post=250"}],"version-history":[{"count":2,"href":"https:\/\/diocesisdesancarloscojedes.com\/index.php?rest_route=\/wp\/v2\/pages\/250\/revisions"}],"predecessor-version":[{"id":794,"href":"https:\/\/diocesisdesancarloscojedes.com\/index.php?rest_route=\/wp\/v2\/pages\/250\/revisions\/794"}],"up":[{"embeddable":true,"href":"https:\/\/diocesisdesancarloscojedes.com\/index.php?rest_route=\/wp\/v2\/pages\/160"}],"wp:attachment":[{"href":"https:\/\/diocesisdesancarloscojedes.com\/index.php?rest_route=%2Fwp%2Fv2%2Fmedia&parent=250"}],"curies":[{"name":"wp","href":"https:\/\/api.w.org\/{rel}","templated":true}]}}