{"id":242,"date":"2023-05-07T01:01:55","date_gmt":"2023-05-07T01:01:55","guid":{"rendered":"https:\/\/diocesisdesancarloscojedes.com\/?page_id=242"},"modified":"2023-10-03T17:05:58","modified_gmt":"2023-10-03T17:05:58","slug":"seminario-diocesano-san-carlos-borromeo","status":"publish","type":"page","link":"https:\/\/diocesisdesancarloscojedes.com\/?page_id=242","title":{"rendered":"Seminario Diocesano &#8220;San Carlos Borromeo&#8221;"},"content":{"rendered":"<h2 class=\"wp-block-heading\">Historia<\/h2><figure class=\"wp-block-image alignright size-large is-resized\"><img fetchpriority=\"high\" decoding=\"async\" src=\"https:\/\/diocesisdesancarloscojedes.com\/wp-content\/uploads\/2023\/06\/IMG-20230604-WA01212-1024x1018.jpg\" alt=\"\" class=\"wp-image-806\" width=\"458\" height=\"455\" srcset=\"https:\/\/diocesisdesancarloscojedes.com\/wp-content\/uploads\/2023\/06\/IMG-20230604-WA01212-1024x1018.jpg 1024w, https:\/\/diocesisdesancarloscojedes.com\/wp-content\/uploads\/2023\/06\/IMG-20230604-WA01212-300x298.jpg 300w, https:\/\/diocesisdesancarloscojedes.com\/wp-content\/uploads\/2023\/06\/IMG-20230604-WA01212-150x150.jpg 150w, https:\/\/diocesisdesancarloscojedes.com\/wp-content\/uploads\/2023\/06\/IMG-20230604-WA01212-768x764.jpg 768w, https:\/\/diocesisdesancarloscojedes.com\/wp-content\/uploads\/2023\/06\/IMG-20230604-WA01212-600x597.jpg 600w, https:\/\/diocesisdesancarloscojedes.com\/wp-content\/uploads\/2023\/06\/IMG-20230604-WA01212-100x100.jpg 100w, https:\/\/diocesisdesancarloscojedes.com\/wp-content\/uploads\/2023\/06\/IMG-20230604-WA01212.jpg 1056w\" sizes=\"(max-width: 458px) 100vw, 458px\" \/><\/figure><p class=\"has-text-align-right\"><strong>Lectio Inauguralis por parte del Pbro. Roseliano P\u00e1ez, con motivo del Inicio del A\u00f1o Lectivo 2022-2023<\/strong><\/p><p>&#8220;La historia no son hechos sin vida, son la vida en los hechos\u201d. A mi manera de&nbsp;ver, reflexionar sobre esta frase nos hace entrar en el dinamismo de la historia que siempre ser\u00e1 en definitiva un querer de Dios donde nos muestra de su misericordia y salvaci\u00f3n. As\u00ed el recordar nos har\u00e1 en primer lugar darle gracias a Dios por lo que hemos vivido, revisar c\u00f3mo esa historia ha penetrado nuestro coraz\u00f3n y, por supuesto, nos hace mirar el futuro con esperanza.<\/p><p>En tal sentido, mirar nuestra historia es mirar la obra que Dios ha hecho en ella, es volver a en el pensamiento donde nos hemos hecho vivir. Sin duda esto nos hace pregustar los \u00e9xitos y bendiciones que hoy son la intenci\u00f3n que nos re\u00fane en la reapertura de esta amada casa de formaci\u00f3n y &#8220;alma mater\u201d de algunos sacerdotes de nuestro presbiterio y de otras latitudes del pa\u00eds.<\/p><p class=\"has-text-align-right\"><strong>Un sue\u00f1o en el coraz\u00f3n<\/strong><\/p><p>Como es conocido por muchos en 1982 su Excelencia Mons. Antonio Arellano Duran Decreta la creaci\u00f3n del Seminario Mayor Diocesano San Carlos Borromeo, en los terrenos de la futura Parroquia San Jos\u00e9 Obrero de Tinaco. Esta decisi\u00f3n eminentemente nos muestra el empe\u00f1o que el recio obispo tachirense quer\u00eda poner en cimentar las bases de una Di\u00f3cesis que se preocupara por la oraci\u00f3n y animaci\u00f3n vocacional. Sin lugar a dudas este es el inicio de un sue\u00f1o que habr\u00eda de cultivar una esperanza en el coraz\u00f3n de aquella joven Di\u00f3cesis. Podemos ubicar el germen de esta esperanza en el hist\u00f3rico pueblo del Pao&nbsp;\u2013donde providencialmente tambi\u00e9n fue el inicio de nuestra evangelizaci\u00f3n en el Estado Cojedes- donde, desde 1989, por iniciativa del joven P\u00e1rroco Francisco Montoya se inicia el primer proceso vocacional del presbiterio de la Di\u00f3cesis de San Carlos, este insigne sacerdote estar\u00eda dedicado a esta tarea por casi 22 a\u00f1os consecutivos, permitiendo con ello que acompa\u00f1ara a distintos j\u00f3venes de nuestras parroquias y que ahora son sacerdotes en nuestra Di\u00f3cesis en diversas regiones del pa\u00eds.<\/p><p>En el a\u00f1o 1995 con la gran misi\u00f3n nacional por la visita del Santo Padre San Juan Pablo Il a Venezuela, los j\u00f3venes de diversas parroquias de nuestra Di\u00f3cesis movieron su coraz\u00f3n a sentir la llamada de Dios, gracias al testimonio sacerdotal visto en este en\u00e9rgico Pont\u00edfice. Verdaderamente podemos decir que en los j\u00f3venes de aquellos tiempos se vivi\u00f3 aquel hermoso&nbsp;lema: \u201c\u00a1Despierta y reacciona, es el momento!\u201d.<\/p><p>Fruto de este acontecimiento de fe que conjugaba la visita del Santo Padre, los 500 a\u00f1os de la evangelizaci\u00f3n y los 25 a\u00f1os de la creaci\u00f3n de la Di\u00f3cesis, hizo que toda nuestra iglesia diocesana en Cojedes caminara hacia la vivencia de un encuentro cercano con Cristo. Estoy plenamente seguro que los j\u00f3venes de aquellos tiempos abrieron el coraz\u00f3n y emprendieron un camino misionero y vocacional. Es inevitable dejar de pensar en tantos campamentos nacionales de j\u00f3venes en nuestra Di\u00f3cesis, signo del profundo compromiso juvenil de aquellos a\u00f1os.<\/p><p>Con la entrada del nuevo milenio continuaron las convivencias y retiros vocaciones para j\u00f3venes en la casa retiros \u201cMons. Francisco Miguel Seijas\u201d en Puente Azul y \u201cRancho Para\u00edso\u201d en la v\u00eda a Manrique. Por aquellos a\u00f1os se hace necesario tambi\u00e9n fundar el club Serra Internacional San Carlos, para la oraci\u00f3n, promoci\u00f3n y apoyo de las vocaciones en la Di\u00f3cesis. Todo esto tendr\u00eda su sentido y compromiso en la llamada \u201cMision HH\u201d, Hijos de&nbsp;Dios y Hermanos de todos. Que conducir\u00eda a ni\u00f1os, j\u00f3venes y adultos a un encuentro con Cristo, Mar\u00eda y la Iglesia.<\/p><p>En el a\u00f1o 2003 con la llegada del III Obispo, el Excmo. Mons. Tom\u00e1s Z\u00e1rraga toma en su coraz\u00f3n y en su labor la preocupaci\u00f3n que le transmitiera su antecesor de poner en marcha dos realidades muy urgentes en esta Di\u00f3cesis, a saber: El proyecto de Renovaci\u00f3n Pastoral y el Seminario Mayor San Carlos Borromeo,<\/p><p class=\"has-text-align-right\"><strong>\u201cDios lo quiere, Cojedes lo construye\u201d<\/strong><\/p><p>Recordando \u201cEl a\u00f1o misionero Diocesano\u201d y \u201cEl a\u00f1o mariano diocesano\u201d se fue&nbsp;palpando la necesidad de trabajar por nuestros sacerdotes, quienes desde una perspectiva de disc\u00edpulos misioneros asumieran el rol que esta iglesia necesita. Fruto del primer recorrido del nuevo Obispo por toda la Di\u00f3cesis se motiva a una gran campa\u00f1a de oraci\u00f3n por las vocaciones con aquella hermosa plegaria que Mons. Z\u00e1rraga ense\u00f1\u00f3 pidiendo el florecimiento de las vocaciones sacerdotales.<\/p><p>Hacia el a\u00f1o 2005 se crea la comisi\u00f3n Pro-Seminario, estando a la cabeza el Pbro. Francisco Montoya, quien para los momentos dirig\u00eda la pastoral vocacional y los seminaristas; tambi\u00e9n ser\u00edan miembros un grupo de laicos de diversas parroquias y se adherir\u00eda el Club Serra. Esta comisi\u00f3n tendr\u00eda la misi\u00f3n de preparar todo lo referente a la construcci\u00f3n de la obra del Seminario. Es preciso recordar un famoso lema que fue acogido con todo el coraz\u00f3n por los cojede\u00f1os: \u201cDios lo quiere, Cojedes lo Construye\u201d. Este momento es&nbsp;digno para bendecir a Dios por todas las personas que tuvieron que ver con la construcci\u00f3n de esta casa, obispos, sacerdotes, laicos, empresas y personas de buena voluntad que unidos por esta causa sembr\u00e1bamos poco a poco la semilla de una cultura vocacional.<\/p><p>En estas \u00e9pocas se pens\u00f3 en diversas zonas de la Di\u00f3cesis para la construcci\u00f3n, entre ellas Manrique, Tinaquillo, Mons. Padilla en San Carlos; pero finalmente se decidi\u00f3 continuar con el legado de Mons. Arellano que fuese en los terrenos de la Parroquia San Jos\u00e9 Obrero.<\/p><p>Es muy oportuno referirse en esta etapa de la historia a la vehemencia y acompa\u00f1amiento del Excmo. Mons. Giacinto Berloco, quien para ese entonces era el Sr. Nuncio Apost\u00f3lico en Venezuela. Este Prelado se comprometi\u00f3 con todo el coraz\u00f3n con esta obra de Dios. Revis\u00f3 el proyecto, bendijo la Primera piedra el 18 de abril de 2007, supervis\u00f3 la obra en varias oportunidades cuyo inicio fue en agosto del 2007, tuvo varios encuentros con los j\u00f3venes de la pastoral vocacional, inauguro el primer curso del Seminario Mayor con una misa solemne en la Catedral el 07 octubre de 2007, por \u00faltimo, bendijo la nueva sede en un 90% terminada el 22 noviembre de 2008.<\/p><p>Es preciso mencionar que en el a\u00f1o 2007, donde se da inicio al primer curso se nombra un equipo formador quedando de la siguiente manera: el Pbro. Juan Bautista Luque Araujo como Primer Rector de Seminario Mayor Diocesano San Carlos Borromeo; Pbro. Francisco Javier Montoya como director de Pastoral Vocacional y encargado de disciplina; Di\u00e1c. Rodolfo Monsalve como formador y mi persona como Director Espiritual. Este primer curso inicio con 5 j\u00f3venes cojede\u00f1os: Jos\u00e9 Antonio Navas, Jes\u00fas Dar\u00edo Ram\u00edrez, Isis P\u00e9rez, Francisco Quiroz y Jhony Vadillo. Este primer curso del seminario ten\u00eda su sede provisional en la casa parroquial de nuestra Catedral.<\/p><p>Cual ni\u00f1o que est\u00e1 aprendiendo a caminar este primer intento, aunque lleno de esperanza, las peripecias de la historia y por diversos motivos, al finalizar el a\u00f1o acad\u00e9mico, se decide dedicarse plenamente a la construcci\u00f3n de la casa del seminario en Tinaco y pastoral vocacional; y en consecuencia se env\u00edan a los seminaristas a los seminarios de Caracas, Coro y Barinas. Quedando para este momento como Rector el Pbro. Pablo Jos\u00e9 Albarrac\u00edn Villanueva -de grato recuerdo y feliz memoria para todos. Padre Pablo asumi\u00f3 la obra del seminario como un sue\u00f1o eclesial, entreg\u00f3 vida y coraz\u00f3n, enfrentando con tes\u00f3n las contrariedades propias a esta obra, pero siempre con un esp\u00edritu de entrega y sacrificio y confiando plenamente en la acci\u00f3n de Dios. En compa\u00f1\u00eda de dos seminaristas que hac\u00edan junto a \u00e9l la experiencia pastoral: Ray P\u00e9rez y Yohan L\u00f3pez. Posteriormente se unir\u00eda a ellos el P. Omar Alfredo Ram\u00edrez.<\/p><p>Sin embargo, por un designio inenarrable del amor de Dios el Padre Pablo entrega la vida al Creador en la ciudad de Valencia, la tarde del Domingo 11 de octubre de 2009. Sin duda este fue un hecho que marcar\u00eda a toda la Iglesia diocesana, un momento de profunda reflexi\u00f3n, de l\u00e1grimas y desconcierto, Pero, Dios siempre tiene una forma de explicarnos sus misterios, ese mismo d\u00eda el himno de V\u00edsperas nos hac\u00eda cantar y darle sentido a tan lamentable hecho: \u201cHoy triunfa el buen&nbsp;Cordero que, en esta tierra imp\u00eda, se dio con alegr\u00eda por el reba\u00f1o entero\u201d. Desde&nbsp;todo el coraz\u00f3n un agradecimiento hasta el cielo al Padre Pablo.<\/p><p class=\"has-text-align-right\"><strong>Ya en casa<\/strong><\/p><p>Hoy podemos decir que la semilla regada con el sudor de tantos hermanos que nos precedido en esta obra son los frutos que hoy gozosamente vivimos. Esta casa alberg\u00f3 por primera vez seminaristas el 19 de septiembre en el a\u00f1o 2010, siendo ellos Elio P\u00e9rez, Jhonluis Garab\u00e1n y Christian Ramos para el curso proped\u00e9utico y Jos\u00e9 Antonio Navas para la experiencia del a\u00f1o de pastoral. Este inicio tuvo como formadores a los P.P. Rodolfo Monsalve y Pedro Ram\u00edrez como Director Espiritual y Acad\u00e9mico respectivamente y mi persona como Rector. Como todo inicio hubo tiempos de sacrificio y arduo trabajo con situaciones como el agua, la electricidad y el gran reto del acondicionamiento interno y externo de las \u00e1reas de la casa.<\/p><p>Esta casa alberga los mejores recuerdos de una cultura vocacional en nuestra Di\u00f3cesis. Recuerdos de las llamadas &#8220;Toma vocacional\u201d que desde el 2010 se&nbsp;hacen por iniciativa de los seminaristas de la di\u00f3cesis que estaban en el seminario de Barinas. No debemos dejar de lado a los profesores, benefactores y laicos comprometidos con esta obra. Definitivamente todo ha sido una obra de la misericordia de Dios.<\/p><p>Es necesario mencionar la figura del Excmo. Mons. Tom\u00e1s Z\u00e1rraga, quien nunca temi\u00f3 llevar adelante esta obra, la hizo suya y la amo con especial atenci\u00f3n. Es meritorio recordarle en distintas facetas, como por&nbsp;ejemplo: con el famoso \u201cJeep de&nbsp;Caritas&#8221; en las empresas pidiendo materiales, con micr\u00f3fono en mano en el radiomarat\u00f3n o con un pote en una esquina de la ciudad recibiendo la contribuci\u00f3n de este generoso pueblo. Tambi\u00e9n es preciso recordarle como profesor, como acompa\u00f1ante vocacional en las convivencias o incluso con la experiencia de escribir y dirigir un retiro para seminaristas desde la experiencia de la Misericordia. Se decide solo tener el curso proped\u00e9utico.<\/p><p>En el a\u00f1o lectivo 2011-2012, solo entraron dos seminaristas, Mauricio Silva e Isis P\u00e9rez, quienes tomaron la formaci\u00f3n con empe\u00f1o y esmero.<\/p><p>Este a\u00f1o se decide suspender las actividades como seminario queda esta casa como centro vocacional, donde con sacrificio nuestros seminaristas ven\u00edan desde Barinas a hacer las convivencias vocacionales. En este tiempo se recogieron sin duda los frutos que el esfuerzo y trabajo de nuestro plan de renovaci\u00f3n pastoral y de la fraternidad de nuestros seminaristas, el apoyo del clero y de los fieles; estos frutos ya maduros son varios de nuestros sacerdotes de nuestro clero y de otras di\u00f3cesis y arquidi\u00f3cesis del pa\u00eds.<\/p><p>En el a\u00f1o 2017 esta estructura tuvo algunas remodelaciones importantes en su estructura, llevadas a cabo con la direcci\u00f3n del ya Sacerdote Ray P\u00e9rez, para ese entonces encargado de los seminaristas, contando el apoyo de los seminaristas de experiencia pastoral, entre ellos el ya hoy Padre Christian Ramos. Ya para finales de septiembre del a\u00f1o 2017 se construy\u00f3 la cerca perimetral, se remodelaron los ba\u00f1os, cocina, salones de clase, se pint\u00f3 la parte interna y externa, se puli\u00f3 nuevamente el granito y, con la ayuda del Prof. Jaime Mir\u00f3, se reorganiz\u00f3 la biblioteca que para ese entonces se pens\u00f3 fuese dedicada al Pbro. Pablo Albarrac\u00edn (Humildemente me permito pedirles a los formadores presentes retomar esta idea, el cual ser\u00eda un gran homenaje a tan ilustre sacerdote).<\/p><p>Esta casa a mediados del mes de septiembre se entreg\u00f3 a los hermanos de misioneros de Mar\u00eda Estrella de la Ma\u00f1ana, quienes atender\u00edan esta casa destinada a retiros espirituales.<\/p><p>Cabe destacar que en el a\u00f1o 2012 surge la iniciativa por el Pbro. Juan Carlos Mej\u00edas, P\u00e1rroco de San Miguel Arc\u00e1ngel del Ba\u00fal del I Campamento de seminaristas, en la comunidad de &#8220;Quebrada de agua\u201d; en el 2012 en la&nbsp;comunidad&nbsp;de \u201cMujica\u201d y \u201cEl Pueblito\u201d de la Parroquia San Juan Bautista del Pao; 2013 en la&nbsp;comunidad de \u201cOrupe\u201d y &#8220;Lomas del viento\u201d de la Parroquia San Jos\u00e9&nbsp;Obrero de&nbsp;Tinaco; 2014 en la comunidad de \u201cCamoruquito\u201d que para ese entonces pertenec\u00eda al Santuario Eucar\u00edstico San Juan Bautista, en el 2015 en el caser\u00edo &#8220;Palambra del Doctor&#8221; de la Parroquia San Antonio de Padua y en 2016 ser\u00eda en algunos sectores del casco central del Santuario Mariano Diocesano en Lagunitas. Sin duda fueron experiencias de convivencia fraterna, evangelizaci\u00f3n y pastoral vocacional. Estos campamentos en el a\u00f1o 2017, por decisi\u00f3n de nuestro actual Obispo, se fusiona con el campamento anual de jovenmisi\u00f3n.<\/p><p>Para el a\u00f1o 2022 con motivo del 50 aniversario de nuestra di\u00f3cesis, Mons. Polito Rodr\u00edguez, actual Obispo de la di\u00f3cesis de San Carlos, decide reanudar con funciones de seminario y para el d\u00eda 17 de septiembre fue reinaugurado con el recibimiento de los nuevos seminaristas. Actualmente cursan el ciclo proped\u00e9utico 8 seminaristas, entre ellos: 7 de nuestra di\u00f3cesis, 2 de la Arquidi\u00f3cesis de Valencia y 1 de la comunidad de los Servidores Misioneros de la Palabra. Figuran como equipo formador: Pbro. Jos\u00e9 Roberto Valecillos como Rector, Di\u00e1c. Luis Le\u00f3n Santamar\u00eda Director de estudios y disciplina y el Pbro. Gerardo Mu\u00f1oz como Director Espiritual.<\/p><h2 class=\"wp-block-heading\">Equipo Formativo<\/h2><figure class=\"wp-block-image alignfull size-full\"><img decoding=\"async\" width=\"1024\" height=\"171\" src=\"https:\/\/diocesisdesancarloscojedes.com\/wp-content\/uploads\/2023\/10\/luis-jose-1-1024x171-copia.png\" alt=\"\" class=\"wp-image-1042\" srcset=\"https:\/\/diocesisdesancarloscojedes.com\/wp-content\/uploads\/2023\/10\/luis-jose-1-1024x171-copia.png 1024w, https:\/\/diocesisdesancarloscojedes.com\/wp-content\/uploads\/2023\/10\/luis-jose-1-1024x171-copia-300x50.png 300w, https:\/\/diocesisdesancarloscojedes.com\/wp-content\/uploads\/2023\/10\/luis-jose-1-1024x171-copia-768x128.png 768w, https:\/\/diocesisdesancarloscojedes.com\/wp-content\/uploads\/2023\/10\/luis-jose-1-1024x171-copia-600x100.png 600w\" sizes=\"(max-width: 1024px) 100vw, 1024px\" \/><\/figure><figure class=\"wp-block-image alignfull size-large\"><img decoding=\"async\" width=\"1024\" height=\"171\" src=\"https:\/\/diocesisdesancarloscojedes.com\/wp-content\/uploads\/2023\/06\/gerardomun-1024x171.png\" alt=\"\" class=\"wp-image-802\" srcset=\"https:\/\/diocesisdesancarloscojedes.com\/wp-content\/uploads\/2023\/06\/gerardomun-1024x171.png 1024w, https:\/\/diocesisdesancarloscojedes.com\/wp-content\/uploads\/2023\/06\/gerardomun-300x50.png 300w, https:\/\/diocesisdesancarloscojedes.com\/wp-content\/uploads\/2023\/06\/gerardomun-768x128.png 768w, https:\/\/diocesisdesancarloscojedes.com\/wp-content\/uploads\/2023\/06\/gerardomun-1536x256.png 1536w, https:\/\/diocesisdesancarloscojedes.com\/wp-content\/uploads\/2023\/06\/gerardomun-2048x341.png 2048w, https:\/\/diocesisdesancarloscojedes.com\/wp-content\/uploads\/2023\/06\/gerardomun-600x100.png 600w\" sizes=\"(max-width: 1024px) 100vw, 1024px\" \/><\/figure><h2 class=\"wp-block-heading\">Ubicaci\u00f3n<\/h2><iframe src=\"https:\/\/www.google.com\/maps\/embed?pb=!1m14!1m12!1m3!1d1892.8949809819242!2d-68.59551986045251!3d9.689524815064129!2m3!1f0!2f0!3f0!3m2!1i1024!2i768!4f13.1!5e0!3m2!1ses-419!2sve!4v1696352724111!5m2!1ses-419!2sve\" width=\"1200\" height=\"200\" style=\"border:0;\" allowfullscreen=\"\" loading=\"lazy\" referrerpolicy=\"no-referrer-when-downgrade\"><\/iframe><h2 class=\"wp-block-heading\">Galeria Fotogr\u00e1fica<\/h2><style type=\"text\/css\" scoped>.rbs_gallery_69fc8ec939ef0Spinner{\r\n\t\t\t\tmargin: 50px auto;\r\n\t\t\t\twidth: 50px;\r\n\t\t\t\theight: 40px;\r\n\t\t\t\ttext-align: center;\r\n\t\t\t\tfont-size: 10px;\r\n\t\t\t}\r\n\t\t\t.rbs_gallery_69fc8ec939ef0Spinner > div{\r\n\t\t\t  background-color: #333;\r\n\t\t\t  height: 100%;\r\n\t\t\t  width: 6px;\r\n\t\t\t  display: inline-block;\r\n\t\t\t  -webkit-animation: rbs_gallery_69fc8ec939ef0-stretchdelay 1.2s infinite ease-in-out;\r\n\t\t\t  animation: rbs_gallery_69fc8ec939ef0-stretchdelay 1.2s infinite ease-in-out;\r\n\t\t\t}\r\n\t\t\t.rbs_gallery_69fc8ec939ef0Spinner .rbs_gallery_69fc8ec939ef0Rect2 {\r\n\t\t\t  -webkit-animation-delay: -1.1s;\r\n\t\t\t  animation-delay: -1.1s;\r\n\t\t\t}\r\n\t\t\t.rbs_gallery_69fc8ec939ef0Spinner .rbs_gallery_69fc8ec939ef0Rect3 {\r\n\t\t\t  -webkit-animation-delay: -1.0s;\r\n\t\t\t  animation-delay: -1.0s;\r\n\t\t\t}\r\n\t\t\t.rbs_gallery_69fc8ec939ef0Spinner .rbs_gallery_69fc8ec939ef0Rect4 {\r\n\t\t\t  -webkit-animation-delay: -0.9s;\r\n\t\t\t  animation-delay: -0.9s;\r\n\t\t\t}\r\n\t\t\t.rbs_gallery_69fc8ec939ef0Spinner .rbs_gallery_69fc8ec939ef0Rect5 {\r\n\t\t\t  -webkit-animation-delay: -0.8s;\r\n\t\t\t  animation-delay: -0.8s;\r\n\t\t\t}\r\n\t\t\t@-webkit-keyframes rbs_gallery_69fc8ec939ef0-stretchdelay {\r\n\t\t\t  0%, 40%, 100% { -webkit-transform: scaleY(0.4) }  \r\n\t\t\t  20% { -webkit-transform: scaleY(1.0) }\r\n\t\t\t}\r\n\t\t\t@keyframes rbs_gallery_69fc8ec939ef0-stretchdelay {\r\n\t\t\t  0%, 40%, 100% { \r\n\t\t\t    transform: scaleY(0.4);\r\n\t\t\t    -webkit-transform: scaleY(0.4);\r\n\t\t\t  }  20% { \r\n\t\t\t    transform: scaleY(1.0);\r\n\t\t\t    -webkit-transform: scaleY(1.0);\r\n\t\t\t  }\r\n\t\t\t}\r\n\t\t<\/style><div id=\"robo-gallery-slider-wraprbs_gallery_69fc8ec939ef0\" class=\"robo-gallery-slider-wrap robo-gallery-slider-wrap-id795 robo-gallery-slider\"><div id=\"rbs_gallery_69fc8ec939ef0-block-loader\" class=\"rbs_gallery_69fc8ec939ef0Spinner\"><div class=\"rbs_gallery_69fc8ec939ef0Rect1\"><\/div> <div class=\"rbs_gallery_69fc8ec939ef0Rect2\"><\/div> <div class=\"rbs_gallery_69fc8ec939ef0Rect3\"><\/div> <div class=\"rbs_gallery_69fc8ec939ef0Rect4\"><\/div> <div class=\"rbs_gallery_69fc8ec939ef0Rect5\"><\/div><\/div><div id=\"robo-gallery-slider-block-rbs_gallery_69fc8ec939ef0\"  data-options=\"rbs_gallery_69fc8ec939ef0\" \r\n\t\t\t\t\tclass=\"swiper-container robo-gallery-slider-container robo-gallery-slider-795\" \r\n\t\t\t\t\tstyle=\"  display: none;\"\r\n\t\t\t\t\t\r\n\t\t\t\t><div id=\"rbs_gallery_69fc8ec939ef0\" class=\"swiper-wrapper robo-slider-gallery  \"><div class=\"swiper-slide  \" \r\n \t\t\t\t\tstyle=\"background-image:url('https:\/\/diocesisdesancarloscojedes.com\/wp-content\/uploads\/2023\/06\/IMG_20220821_120301.jpg');\" ><div class=\"swiper-slide-desc swiper-slide-desc-light\">IMG_20220821_120301<\/div><\/div><div class=\"swiper-slide  \" \r\n \t\t\t\t\tstyle=\"background-image:url('https:\/\/diocesisdesancarloscojedes.com\/wp-content\/uploads\/2023\/06\/IMG_20220820_181750.jpg');\" ><div class=\"swiper-slide-desc swiper-slide-desc-light\">IMG_20220820_181750<\/div><\/div><div class=\"swiper-slide  \" \r\n \t\t\t\t\tstyle=\"background-image:url('https:\/\/diocesisdesancarloscojedes.com\/wp-content\/uploads\/2023\/06\/IMG_20220725_173744.jpg');\" ><div class=\"swiper-slide-desc swiper-slide-desc-light\">IMG_20220725_173744<\/div><\/div><\/div><div class=\"swiper-button-prev\"><\/div><div class=\"swiper-button-next\"><\/div><div class=\"swiper-scrollbar\"><\/div><div class=\"swiper-pagination\"><\/div><\/div><\/div><script>var rbs_gallery_69fc8ec939ef0 = {\"version\":\"3.2.22\",\"id\":795,\"class\":\"id795\",\"roboGalleryDelay\":1000,\"mainContainer\":\"#robo_gallery_main_block_rbs_gallery_69fc8ec939ef0\",\"loadingContainer\":\"#rbs_gallery_69fc8ec939ef0-block-loader\",\"loadingContainerObj\":\"rbs_gallery_69fc8ec939ef0-block-loader\",\"loop\":true,\"centeredSlides\":true,\"preloadImages\":true,\"updateOnImagesReady\":true,\"effect\":\"slide\",\"direction\":\"horizontal\",\"navigation\":{\"nextEl\":\".swiper-button-next\",\"prevEl\":\".swiper-button-prev\"},\"scrollbar\":{\"el\":\".swiper-scrollbar\",\"draggable\":true},\"pagination\":{\"el\":\".swiper-pagination\",\"type\":\"bullets\",\"clickable\":true,\"dynamicBullets\":true},\"wrapContainer\":\"#robo-gallery-wrap-rbs_gallery_69fc8ec939ef0\"};<\/script><h2 class=\"wp-block-heading\">Contactos<\/h2>","protected":false},"excerpt":{"rendered":"<p>Historia Lectio Inauguralis por parte del Pbro. Roseliano P\u00e1ez, con motivo del Inicio del A\u00f1o&#8230;<\/p>\n","protected":false},"author":1,"featured_media":0,"parent":160,"menu_order":0,"comment_status":"closed","ping_status":"closed","template":"","meta":{"_eb_attr":"","om_disable_all_campaigns":false,"_monsterinsights_skip_tracking":false,"_monsterinsights_sitenote_active":false,"_monsterinsights_sitenote_note":"","_monsterinsights_sitenote_category":0,"_uf_show_specific_survey":0,"_uf_disable_surveys":false,"footnotes":""},"class_list":["post-242","page","type-page","status-publish","hentry"],"aioseo_notices":[],"_links":{"self":[{"href":"https:\/\/diocesisdesancarloscojedes.com\/index.php?rest_route=\/wp\/v2\/pages\/242"}],"collection":[{"href":"https:\/\/diocesisdesancarloscojedes.com\/index.php?rest_route=\/wp\/v2\/pages"}],"about":[{"href":"https:\/\/diocesisdesancarloscojedes.com\/index.php?rest_route=\/wp\/v2\/types\/page"}],"author":[{"embeddable":true,"href":"https:\/\/diocesisdesancarloscojedes.com\/index.php?rest_route=\/wp\/v2\/users\/1"}],"replies":[{"embeddable":true,"href":"https:\/\/diocesisdesancarloscojedes.com\/index.php?rest_route=%2Fwp%2Fv2%2Fcomments&post=242"}],"version-history":[{"count":4,"href":"https:\/\/diocesisdesancarloscojedes.com\/index.php?rest_route=\/wp\/v2\/pages\/242\/revisions"}],"predecessor-version":[{"id":1044,"href":"https:\/\/diocesisdesancarloscojedes.com\/index.php?rest_route=\/wp\/v2\/pages\/242\/revisions\/1044"}],"up":[{"embeddable":true,"href":"https:\/\/diocesisdesancarloscojedes.com\/index.php?rest_route=\/wp\/v2\/pages\/160"}],"wp:attachment":[{"href":"https:\/\/diocesisdesancarloscojedes.com\/index.php?rest_route=%2Fwp%2Fv2%2Fmedia&parent=242"}],"curies":[{"name":"wp","href":"https:\/\/api.w.org\/{rel}","templated":true}]}}