{"id":223,"date":"2023-05-06T23:44:44","date_gmt":"2023-05-06T23:44:44","guid":{"rendered":"https:\/\/diocesisdesancarloscojedes.com\/?page_id=223"},"modified":"2026-01-18T17:11:16","modified_gmt":"2026-01-18T17:11:16","slug":"inmaculada-concepcion","status":"publish","type":"page","link":"https:\/\/diocesisdesancarloscojedes.com\/?page_id=223","title":{"rendered":"Inmaculada Concepci\u00f3n"},"content":{"rendered":"<h2 class=\"wp-block-heading\">Arcipreste <\/h2><figure class=\"wp-block-image alignfull size-large\"><img fetchpriority=\"high\" decoding=\"async\" width=\"1024\" height=\"171\" src=\"https:\/\/diocesisdesancarloscojedes.com\/wp-content\/uploads\/2023\/06\/JOSE-LUIS-NAVA-GRANDE-1024x171.png\" alt=\"\" class=\"wp-image-772\" srcset=\"https:\/\/diocesisdesancarloscojedes.com\/wp-content\/uploads\/2023\/06\/JOSE-LUIS-NAVA-GRANDE-1024x171.png 1024w, https:\/\/diocesisdesancarloscojedes.com\/wp-content\/uploads\/2023\/06\/JOSE-LUIS-NAVA-GRANDE-300x50.png 300w, https:\/\/diocesisdesancarloscojedes.com\/wp-content\/uploads\/2023\/06\/JOSE-LUIS-NAVA-GRANDE-768x128.png 768w, https:\/\/diocesisdesancarloscojedes.com\/wp-content\/uploads\/2023\/06\/JOSE-LUIS-NAVA-GRANDE-1536x256.png 1536w, https:\/\/diocesisdesancarloscojedes.com\/wp-content\/uploads\/2023\/06\/JOSE-LUIS-NAVA-GRANDE-2048x341.png 2048w, https:\/\/diocesisdesancarloscojedes.com\/wp-content\/uploads\/2023\/06\/JOSE-LUIS-NAVA-GRANDE-600x100.png 600w\" sizes=\"(max-width: 1024px) 100vw, 1024px\" \/><\/figure><h2 class=\"wp-block-heading\">Parroquias<\/h2><h3 class=\"wp-block-heading\">Parroquia Inmaculada Concepci\u00f3n (Catedral)<\/h3><figure class=\"wp-block-image alignright size-full is-resized\"><img decoding=\"async\" src=\"https:\/\/diocesisdesancarloscojedes.com\/wp-content\/uploads\/2023\/05\/2022-01-23.jpg\" alt=\"\" class=\"wp-image-429\" width=\"435\" height=\"326\" srcset=\"https:\/\/diocesisdesancarloscojedes.com\/wp-content\/uploads\/2023\/05\/2022-01-23.jpg 680w, https:\/\/diocesisdesancarloscojedes.com\/wp-content\/uploads\/2023\/05\/2022-01-23-300x225.jpg 300w, https:\/\/diocesisdesancarloscojedes.com\/wp-content\/uploads\/2023\/05\/2022-01-23-600x450.jpg 600w\" sizes=\"(max-width: 435px) 100vw, 435px\" \/><\/figure><p>J-29572216-8<br>Calle Silva c\/c Sucre, Frente a la Plaza Bol\u00edvar, San Carlos, Edo. Cojedes.                                             Tel\u00e9fono (0258) 4331353<br>Inmaculada Concepci\u00f3n Catedral de San Carlos<br>Lun a S\u00e1b: 5:00 PM<br>Domingos: 7:00 AM\/10:00 AM\/5:00 PM<br>Despacho: Lun a Vie 8:00 AM-12:00 PM<br>Confesiones: Martes y Jueves 3:00 a 5:00 PM<br>Bautismos8:00 AM<\/p><iframe src=\"https:\/\/www.google.com\/maps\/embed?pb=!1m18!1m12!1m3!1d3933.2269497060497!2d-68.59241012603135!3d9.661639987020099!2m3!1f0!2f0!3f0!3m2!1i1024!2i768!4f13.1!3m3!1m2!1s0x8e7e169734e0ae3b%3A0x111aa81a0c30a7f3!2sCatedral%20de%20la%20Inmaculada%20Concepci%C3%B3n!5e0!3m2!1ses-419!2sve!4v1685652735578!5m2!1ses-419!2sve\" width=\"1200\" height=\"200\" style=\"border:0;\" allowfullscreen=\"\" loading=\"lazy\" referrerpolicy=\"no-referrer-when-downgrade\"><\/iframe><h3 class=\"wp-block-heading\">Parroquia San Juan Bautista<\/h3><figure class=\"wp-block-image alignright size-full is-resized\"><img decoding=\"async\" src=\"https:\/\/diocesisdesancarloscojedes.com\/wp-content\/uploads\/2023\/05\/La-iglesia-San-Juan-Bautista-posee-mas-210-anos-de-antiguedad.-San-Carlos-Cojedes.png\" alt=\"\" class=\"wp-image-430\" width=\"432\" height=\"305\" srcset=\"https:\/\/diocesisdesancarloscojedes.com\/wp-content\/uploads\/2023\/05\/La-iglesia-San-Juan-Bautista-posee-mas-210-anos-de-antiguedad.-San-Carlos-Cojedes.png 850w, https:\/\/diocesisdesancarloscojedes.com\/wp-content\/uploads\/2023\/05\/La-iglesia-San-Juan-Bautista-posee-mas-210-anos-de-antiguedad.-San-Carlos-Cojedes-300x213.png 300w\" sizes=\"(max-width: 432px) 100vw, 432px\" \/><\/figure><p>J-41183901-9<br>Av. Bol\u00edvar c\/c Zamora, San Carlos, Edo. Cojedes<br>Tel\u00e9fono: (0258) 4332393. <\/p><p>Lun a S\u00e1b: 5:00 PM<br>Domingos: 7:00 AM\/9:30 AM\/5:00 PM<br>Despacho: Lun a Vie 8:00 AM-12:00 PM<br>Confesiones: Martes y Viernes 3:00 a 5:00 PM<br>Bautismos: S\u00e1b 3:00 PM<\/p><iframe src=\"https:\/\/www.google.com\/maps\/embed?pb=!1m18!1m12!1m3!1d3933.226949554355!2d-68.59799181114495!3d9.66164000000002!2m3!1f0!2f0!3f0!3m2!1i1024!2i768!4f13.1!3m3!1m2!1s0x8e7e1697a1b21a53%3A0xc19443ab23e40dfa!2sIglesia%20San%20Juan!5e0!3m2!1ses-419!2sve!4v1685652891798!5m2!1ses-419!2sve\" width=\"1200\" height=\"200\" style=\"border:0;\" allowfullscreen=\"\" loading=\"lazy\" referrerpolicy=\"no-referrer-when-downgrade\"><\/iframe><h3 class=\"wp-block-heading\">Parroquia Santo Domingo de Guzm\u00e1n<\/h3><figure class=\"wp-block-image alignright size-large is-resized\"><img loading=\"lazy\" decoding=\"async\" src=\"https:\/\/diocesisdesancarloscojedes.com\/wp-content\/uploads\/2023\/05\/IMG_20230219_1029462-1-1024x799.jpg\" alt=\"\" class=\"wp-image-454\" width=\"416\" height=\"324\" srcset=\"https:\/\/diocesisdesancarloscojedes.com\/wp-content\/uploads\/2023\/05\/IMG_20230219_1029462-1-1024x799.jpg 1024w, https:\/\/diocesisdesancarloscojedes.com\/wp-content\/uploads\/2023\/05\/IMG_20230219_1029462-1-300x234.jpg 300w, https:\/\/diocesisdesancarloscojedes.com\/wp-content\/uploads\/2023\/05\/IMG_20230219_1029462-1-768x599.jpg 768w, https:\/\/diocesisdesancarloscojedes.com\/wp-content\/uploads\/2023\/05\/IMG_20230219_1029462-1-1536x1198.jpg 1536w, https:\/\/diocesisdesancarloscojedes.com\/wp-content\/uploads\/2023\/05\/IMG_20230219_1029462-1-2048x1597.jpg 2048w, https:\/\/diocesisdesancarloscojedes.com\/wp-content\/uploads\/2023\/05\/IMG_20230219_1029462-1-600x468.jpg 600w\" sizes=\"(max-width: 416px) 100vw, 416px\" \/><\/figure><p>J-29566435-8<br>Calle Alegr\u00eda 51, Entre Figueredo y Carabobo, San Carlos, Edo. Cojedes<br>Tel\u00e9fono: (0258) 4331805<\/p><p>Mar a Vie: 7:00 AM\/ 5:00 PM &#8211; Sab 5:00 PM<br>Domingos: 10:00 AM<br>Despacho: Lun a Vie 9:00-12:00 PM \/ Mi\u00e9 y Vie 3:00-5:00 PM<br>Confesiones: Jue 8:00 AM-12:00 PM<br>Bautismos: S\u00e1b 9:00 AM<\/p><iframe src=\"https:\/\/www.google.com\/maps\/embed?pb=!1m18!1m12!1m3!1d3933.19612861733!2d-68.59401597741173!3d9.664276869262219!2m3!1f0!2f0!3f0!3m2!1i1024!2i768!4f13.1!3m3!1m2!1s0x8e7e169147b8f8b9%3A0x6e1531f412966249!2sIglesia%20Santo%20Domingo%2C%20San%20Carlos%202201%2C%20Cojedes!5e0!3m2!1ses-419!2sve!4v1685652959499!5m2!1ses-419!2sve\" width=\"1200\" height=\"200\" style=\"border:0;\" allowfullscreen=\"\" loading=\"lazy\" referrerpolicy=\"no-referrer-when-downgrade\"><\/iframe><h3 class=\"wp-block-heading\">Parroquia Nuestra Se\u00f1ora del Rosario<\/h3><p>J-0000000000<br>Av. 23 de Mayo c\/c Calle Bol\u00edvar, Sector los Samanes, San Carlos.<br>Tel\u00e9fono: (0258) 4333363<\/p><p>Lun a S\u00e1b: 5:00 PM<br>Domingos: 7:00 AM\/9:30 AM\/5:00 PM<br>Despacho: Lun a Vie 8:00 AM-12:00 PM<br>Confesiones: Martes y Viernes 3:00 a 5:00 PM<br>Bautismos: S\u00e1b 3:00 PM<\/p><iframe src=\"https:\/\/www.google.com\/maps\/embed?pb=!1m18!1m12!1m3!1d7866.667521117523!2d-68.58120158346611!3d9.652496319134116!2m3!1f0!2f0!3f0!3m2!1i1024!2i768!4f13.1!3m3!1m2!1s0x8e7e168121e074a1%3A0x3d4ca6284a6f3883!2sIglesia%20Los%20Samanes!5e0!3m2!1ses-419!2sve!4v1685653701650!5m2!1ses-419!2sve\" width=\"1200\" height=\"200\" style=\"border:0;\" allowfullscreen=\"\" loading=\"lazy\" referrerpolicy=\"no-referrer-when-downgrade\"><\/iframe><h3 class=\"wp-block-heading\">Parroquia Nuestra Se\u00f1ora del Carmen<\/h3><figure class=\"wp-block-image alignright size-large is-resized\"><img loading=\"lazy\" decoding=\"async\" src=\"https:\/\/diocesisdesancarloscojedes.com\/wp-content\/uploads\/2023\/05\/IMG-20220906-WA0053-1024x768.jpg\" alt=\"\" class=\"wp-image-455\" width=\"445\" height=\"334\" srcset=\"https:\/\/diocesisdesancarloscojedes.com\/wp-content\/uploads\/2023\/05\/IMG-20220906-WA0053-1024x768.jpg 1024w, https:\/\/diocesisdesancarloscojedes.com\/wp-content\/uploads\/2023\/05\/IMG-20220906-WA0053-300x225.jpg 300w, https:\/\/diocesisdesancarloscojedes.com\/wp-content\/uploads\/2023\/05\/IMG-20220906-WA0053-768x576.jpg 768w, https:\/\/diocesisdesancarloscojedes.com\/wp-content\/uploads\/2023\/05\/IMG-20220906-WA0053-600x450.jpg 600w, https:\/\/diocesisdesancarloscojedes.com\/wp-content\/uploads\/2023\/05\/IMG-20220906-WA0053.jpg 1080w\" sizes=\"(max-width: 445px) 100vw, 445px\" \/><\/figure><p>J-29687653-3<br>Av. Principal de la Urb. Mons. Padilla, diagonal a la plaza sur, San Carlos.<br>Tel\u00e9fono: (0258) 4338174<\/p><p>Lun a S\u00e1b: 5:00 PM<br>Domingos: 07:30AM\/9:30 AM\/ 11:00 AM (Capilla de los Irani)<br>Despacho: Lun a Vie 02:00-5:00 PM<br>Confesiones: Jue 3:00 PM-5:00 PM<br>Bautismos: S\u00e1b 10:00 AM<\/p><iframe src=\"https:\/\/www.google.com\/maps\/embed?pb=!1m18!1m12!1m3!1d3812.6522334835613!2d-68.5622766532442!3d9.642609301350848!2m3!1f0!2f0!3f0!3m2!1i1024!2i768!4f13.1!3m3!1m2!1s0x8e7e15d74d3b78bd%3A0x587418773d08b7af!2sIglesia%20Nuestra%20Se%C3%B1ora%20Del%20Carmen!5e0!3m2!1ses-419!2sve!4v1685653271476!5m2!1ses-419!2sve\" width=\"1200\" height=\"200\" style=\"border:0;\" allowfullscreen=\"\" loading=\"lazy\" referrerpolicy=\"no-referrer-when-downgrade\"><\/iframe><h3 class=\"wp-block-heading\">Parroquia San Antonio de Padua<\/h3><figure class=\"wp-block-image alignright size-large is-resized\"><img loading=\"lazy\" decoding=\"async\" src=\"https:\/\/diocesisdesancarloscojedes.com\/wp-content\/uploads\/2023\/05\/IMG-20220822-WA0041-1024x461.jpg\" alt=\"\" class=\"wp-image-446\" width=\"443\" height=\"200\" srcset=\"https:\/\/diocesisdesancarloscojedes.com\/wp-content\/uploads\/2023\/05\/IMG-20220822-WA0041-1024x461.jpg 1024w, https:\/\/diocesisdesancarloscojedes.com\/wp-content\/uploads\/2023\/05\/IMG-20220822-WA0041-300x135.jpg 300w, https:\/\/diocesisdesancarloscojedes.com\/wp-content\/uploads\/2023\/05\/IMG-20220822-WA0041-768x346.jpg 768w, https:\/\/diocesisdesancarloscojedes.com\/wp-content\/uploads\/2023\/05\/IMG-20220822-WA0041-1536x691.jpg 1536w, https:\/\/diocesisdesancarloscojedes.com\/wp-content\/uploads\/2023\/05\/IMG-20220822-WA0041-600x270.jpg 600w, https:\/\/diocesisdesancarloscojedes.com\/wp-content\/uploads\/2023\/05\/IMG-20220822-WA0041.jpg 1600w\" sizes=\"(max-width: 443px) 100vw, 443px\" \/><\/figure><p>J-000000000<br>Calle 5 c\/c Carrera 2, Sector los Colorados. San Carlos.<\/p><p>Lun a S\u00e1b: 5:30 PM<br>Domingos: 9:30 AM<br>Despacho: Lun, Mar, Mie, Vie 8:00 AM-12:00 PM\/ Jue 12:00 PM-4:00 PM<br>Confesiones: Jue 3:00 PM-5:30 PM\/Dom 9:00-9:30 AM.<br>Bautismos: S\u00e1b 8:00 AM<\/p><iframe src=\"https:\/\/www.google.com\/maps\/embed?pb=!1m18!1m12!1m3!1d3496.0483981533457!2d-68.61177720592389!3d9.658921579971874!2m3!1f0!2f0!3f0!3m2!1i1024!2i768!4f13.1!3m3!1m2!1s0x8e7e17aa8cedbeed%3A0xda34b4d9332c713!2sIglesia%20Eclesiastica%20%22San%20Antonio%20de%20Padua%22!5e0!3m2!1ses-419!2sve!4v1685653350985!5m2!1ses-419!2sve\" width=\"1200\" height=\"200\" style=\"border:0;\" allowfullscreen=\"\" loading=\"lazy\" referrerpolicy=\"no-referrer-when-downgrade\"><\/iframe><h3 class=\"wp-block-heading\">Parroquia Santa Mar\u00eda Micaela<\/h3><figure class=\"wp-block-image alignright size-full is-resized\"><img loading=\"lazy\" decoding=\"async\" src=\"https:\/\/diocesisdesancarloscojedes.com\/wp-content\/uploads\/2023\/05\/IMG-20230515-WA0000.jpg\" alt=\"\" class=\"wp-image-456\" width=\"436\" height=\"326\" srcset=\"https:\/\/diocesisdesancarloscojedes.com\/wp-content\/uploads\/2023\/05\/IMG-20230515-WA0000.jpg 971w, https:\/\/diocesisdesancarloscojedes.com\/wp-content\/uploads\/2023\/05\/IMG-20230515-WA0000-300x225.jpg 300w, https:\/\/diocesisdesancarloscojedes.com\/wp-content\/uploads\/2023\/05\/IMG-20230515-WA0000-768x576.jpg 768w, https:\/\/diocesisdesancarloscojedes.com\/wp-content\/uploads\/2023\/05\/IMG-20230515-WA0000-600x450.jpg 600w\" sizes=\"(max-width: 436px) 100vw, 436px\" \/><\/figure><p>J-0000000-0<br>Calle Juan \u00c1ngel \u00c1vila, Sector Limoncito, San Carlos.<\/p><p>Martes y Jueves 6:00 PM<br>Domingos: 8:00 AM<br>Despacho: Lun, Mie, Vie 8:00 AM-12:00 PM<br>Confesiones: Martes 4:00-6:00 PM<br>Bautismos: S\u00e1b 9:00<\/p><iframe src=\"https:\/\/www.google.com\/maps\/embed?pb=!1m18!1m12!1m3!1d2438.139168824815!2d-68.59364100925212!3d9.646029403670639!2m3!1f0!2f0!3f0!3m2!1i1024!2i768!4f13.1!3m3!1m2!1s0x8e7e14219e46f66f%3A0x10289e00aaad393e!2sU.E%20Colegio%20Santa%20Mar%C3%ADa%20Micaela!5e0!3m2!1ses-419!2sve!4v1685653400745!5m2!1ses-419!2sve\" width=\"1200\" height=\"200\" style=\"border:0;\" allowfullscreen=\"\" loading=\"lazy\" referrerpolicy=\"no-referrer-when-downgrade\"><\/iframe><h3 class=\"wp-block-heading\">Parroquia San Pablo Ap\u00f3stol<\/h3><figure class=\"wp-block-image alignright size-full is-resized\"><img loading=\"lazy\" decoding=\"async\" src=\"https:\/\/diocesisdesancarloscojedes.com\/wp-content\/uploads\/2023\/05\/IMG-20230515-WA0221.jpg\" alt=\"\" class=\"wp-image-475\" width=\"446\" height=\"334\" srcset=\"https:\/\/diocesisdesancarloscojedes.com\/wp-content\/uploads\/2023\/05\/IMG-20230515-WA0221.jpg 1000w, https:\/\/diocesisdesancarloscojedes.com\/wp-content\/uploads\/2023\/05\/IMG-20230515-WA0221-300x225.jpg 300w, https:\/\/diocesisdesancarloscojedes.com\/wp-content\/uploads\/2023\/05\/IMG-20230515-WA0221-768x576.jpg 768w, https:\/\/diocesisdesancarloscojedes.com\/wp-content\/uploads\/2023\/05\/IMG-20230515-WA0221-600x450.jpg 600w\" sizes=\"(max-width: 446px) 100vw, 446px\" \/><\/figure><p>J-J-29958980-2<br>Calle Principal de Manrique, casa 14, sector Centro, Manrique, Cojedes.<br>Tel\u00e9fono: (025) 7670461<\/p><p>Lun a S\u00e1b: 6:00 PM por comunidades cristianas<br>Domingos: 10:00 AM<br>Despacho: Lun a Vie 9:00 AM-12:00 PM<br>Confesiones: Jue 3:00 PM<br>Bautismos: S\u00e1b 10:00 AM<\/p><iframe src=\"https:\/\/www.google.com\/maps\/embed?pb=!1m18!1m12!1m3!1d3931.4728762713657!2d-68.52283221114496!3d9.810592!2m3!1f0!2f0!3f0!3m2!1i1024!2i768!4f13.1!3m3!1m2!1s0x8e7e22022c1d1dc3%3A0x875ee2b819f6c168!2sParroquia%20San%20Pablo%20Apostol!5e0!3m2!1ses-419!2sve!4v1685653537293!5m2!1ses-419!2sve\" width=\"1200\" height=\"200\" style=\"border:0;\" allowfullscreen=\"\" loading=\"lazy\" referrerpolicy=\"no-referrer-when-downgrade\"><\/iframe><h3 class=\"wp-block-heading\">Parroquia Esp\u00edritu Santo<\/h3><p>J-000000000<br>Sector Puente Azul, San Carlos, Edo. Cojedes<br>(0414) 9550154.<\/p><p>Lun a S\u00e1b: 7:00 AM<br>Domingos: 8:00 AM<br>Despacho: Lun 8:00-9:00AM<br>Confesiones:<br>Bautismos: Primero y Terceros S\u00e1bados del mes.<\/p><iframe src=\"https:\/\/www.google.com\/maps\/embed?pb=!1m14!1m12!1m3!1d1966.4584457440149!2d-68.5925459516899!3d9.688134461281248!2m3!1f0!2f0!3f0!3m2!1i1024!2i768!4f13.1!5e0!3m2!1ses-419!2sve!4v1706108244627!5m2!1ses-419!2sve\" width=\"1200\" height=\"200\" style=\"border:0;\" allowfullscreen=\"\" loading=\"lazy\" referrerpolicy=\"no-referrer-when-downgrade\"><\/iframe><h3 class=\"wp-block-heading\">Vicaria San Juan Pablo II<\/h3><p><p>J-000000000<br>Complejo Habitacional Ezequiel Zamora (Iranies), San Carlos, Edo. Cojedes<br>(0414) 0421300<\/p><p>Lun a S\u00e1b: 5:00 PM<br>Domingos: 11:00 AM<br>Despacho: Lun 8:00-9:00AM<br>Confesiones:<br>Bautismos: <\/p><\/p><iframe src=\"https:\/\/www.google.com\/maps\/embed?pb=!1m18!1m12!1m3!1d1966.687060439305!2d-68.5591779345855!3d9.649038992522364!2m3!1f0!2f0!3f0!3m2!1i1024!2i768!4f13.1!3m3!1m2!1s0x8e7e1677eb411c6d%3A0x824093625d73ad51!2sJCXR%2BF7W%2C%20San%20Carlos%202201%2C%20Cojedes!5e0!3m2!1ses-419!2sve!4v1706108471303!5m2!1ses-419!2sve\" width=\"1200\" height=\"200\" style=\"border:0;\" allowfullscreen=\"\" loading=\"lazy\" referrerpolicy=\"no-referrer-when-downgrade\"><\/iframe><h2 class=\"wp-block-heading\">Vicaria Santa Rosa de Lima<\/h2><p><p>J-000000000<br>Sector El Potrero, San Carlos, Edo. Cojedes<br><\/p><p>Lun a S\u00e1b: <br>Domingos: <br>Despacho: <br>Confesiones:<br>Bautismos: <\/p><\/p><iframe src=\"https:\/\/www.google.com\/maps\/embed?pb=!1m14!1m12!1m3!1d1966.4709907296117!2d-68.61556333303815!3d9.685993192542757!2m3!1f0!2f0!3f0!3m2!1i1024!2i768!4f13.1!5e0!3m2!1ses-419!2sve!4v1706108549877!5m2!1ses-419!2sve\" width=\"1200\" height=\"200\" style=\"border:0;\" allowfullscreen=\"\" loading=\"lazy\" referrerpolicy=\"no-referrer-when-downgrade\"><\/iframe>","protected":false},"excerpt":{"rendered":"<p>Arcipreste Parroquias Parroquia Inmaculada Concepci\u00f3n (Catedral) J-29572216-8Calle Silva c\/c Sucre, Frente a la Plaza Bol\u00edvar,&#8230;<\/p>\n","protected":false},"author":1,"featured_media":0,"parent":158,"menu_order":0,"comment_status":"closed","ping_status":"closed","template":"","meta":{"_eb_attr":"","om_disable_all_campaigns":false,"_monsterinsights_skip_tracking":false,"_monsterinsights_sitenote_active":false,"_monsterinsights_sitenote_note":"","_monsterinsights_sitenote_category":0,"_uf_show_specific_survey":0,"_uf_disable_surveys":false,"footnotes":""},"class_list":["post-223","page","type-page","status-publish","hentry"],"aioseo_notices":[],"_links":{"self":[{"href":"https:\/\/diocesisdesancarloscojedes.com\/index.php?rest_route=\/wp\/v2\/pages\/223"}],"collection":[{"href":"https:\/\/diocesisdesancarloscojedes.com\/index.php?rest_route=\/wp\/v2\/pages"}],"about":[{"href":"https:\/\/diocesisdesancarloscojedes.com\/index.php?rest_route=\/wp\/v2\/types\/page"}],"author":[{"embeddable":true,"href":"https:\/\/diocesisdesancarloscojedes.com\/index.php?rest_route=\/wp\/v2\/users\/1"}],"replies":[{"embeddable":true,"href":"https:\/\/diocesisdesancarloscojedes.com\/index.php?rest_route=%2Fwp%2Fv2%2Fcomments&post=223"}],"version-history":[{"count":14,"href":"https:\/\/diocesisdesancarloscojedes.com\/index.php?rest_route=\/wp\/v2\/pages\/223\/revisions"}],"predecessor-version":[{"id":2187,"href":"https:\/\/diocesisdesancarloscojedes.com\/index.php?rest_route=\/wp\/v2\/pages\/223\/revisions\/2187"}],"up":[{"embeddable":true,"href":"https:\/\/diocesisdesancarloscojedes.com\/index.php?rest_route=\/wp\/v2\/pages\/158"}],"wp:attachment":[{"href":"https:\/\/diocesisdesancarloscojedes.com\/index.php?rest_route=%2Fwp%2Fv2%2Fmedia&parent=223"}],"curies":[{"name":"wp","href":"https:\/\/api.w.org\/{rel}","templated":true}]}}