{"id":201,"date":"2023-05-06T22:42:50","date_gmt":"2023-05-06T22:42:50","guid":{"rendered":"https:\/\/diocesisdesancarloscojedes.com\/?page_id=201"},"modified":"2023-05-31T17:46:37","modified_gmt":"2023-05-31T17:46:37","slug":"movimientos-eclesiales","status":"publish","type":"page","link":"https:\/\/diocesisdesancarloscojedes.com\/?page_id=201","title":{"rendered":"Movimientos eclesiales"},"content":{"rendered":"<h2 class=\"wp-block-heading\">Legi\u00f3n de Mar\u00eda <\/h2><h2 class=\"wp-block-heading\">Cursillos de Cristiandad<\/h2><h2 class=\"wp-block-heading\">Camino Neocatecumenal<\/h2><h2 class=\"wp-block-heading\">Ema\u00fas <\/h2><h2 class=\"wp-block-heading\">Renovaci\u00f3n Carism\u00e1tica <\/h2><h2 class=\"wp-block-heading\">Matrimonios con Cristo<\/h2>","protected":false},"excerpt":{"rendered":"<p>Legi\u00f3n de Mar\u00eda Cursillos de Cristiandad Camino Neocatecumenal Ema\u00fas Renovaci\u00f3n Carism\u00e1tica Matrimonios con Cristo<\/p>\n","protected":false},"author":1,"featured_media":0,"parent":2,"menu_order":0,"comment_status":"closed","ping_status":"closed","template":"","meta":{"_eb_attr":"","om_disable_all_campaigns":false,"_monsterinsights_skip_tracking":false,"_monsterinsights_sitenote_active":false,"_monsterinsights_sitenote_note":"","_monsterinsights_sitenote_category":0,"_uf_show_specific_survey":0,"_uf_disable_surveys":false,"footnotes":""},"class_list":["post-201","page","type-page","status-publish","hentry"],"aioseo_notices":[],"_links":{"self":[{"href":"https:\/\/diocesisdesancarloscojedes.com\/index.php?rest_route=\/wp\/v2\/pages\/201"}],"collection":[{"href":"https:\/\/diocesisdesancarloscojedes.com\/index.php?rest_route=\/wp\/v2\/pages"}],"about":[{"href":"https:\/\/diocesisdesancarloscojedes.com\/index.php?rest_route=\/wp\/v2\/types\/page"}],"author":[{"embeddable":true,"href":"https:\/\/diocesisdesancarloscojedes.com\/index.php?rest_route=\/wp\/v2\/users\/1"}],"replies":[{"embeddable":true,"href":"https:\/\/diocesisdesancarloscojedes.com\/index.php?rest_route=%2Fwp%2Fv2%2Fcomments&post=201"}],"version-history":[{"count":2,"href":"https:\/\/diocesisdesancarloscojedes.com\/index.php?rest_route=\/wp\/v2\/pages\/201\/revisions"}],"predecessor-version":[{"id":534,"href":"https:\/\/diocesisdesancarloscojedes.com\/index.php?rest_route=\/wp\/v2\/pages\/201\/revisions\/534"}],"up":[{"embeddable":true,"href":"https:\/\/diocesisdesancarloscojedes.com\/index.php?rest_route=\/wp\/v2\/pages\/2"}],"wp:attachment":[{"href":"https:\/\/diocesisdesancarloscojedes.com\/index.php?rest_route=%2Fwp%2Fv2%2Fmedia&parent=201"}],"curies":[{"name":"wp","href":"https:\/\/api.w.org\/{rel}","templated":true}]}}