{"id":197,"date":"2023-05-06T22:40:40","date_gmt":"2023-05-06T22:40:40","guid":{"rendered":"https:\/\/diocesisdesancarloscojedes.com\/?page_id=197"},"modified":"2023-06-16T15:00:47","modified_gmt":"2023-06-16T15:00:47","slug":"pequenas-comunidades-cristianas","status":"publish","type":"page","link":"https:\/\/diocesisdesancarloscojedes.com\/?page_id=197","title":{"rendered":"Peque\u00f1as Comunidades Cristianas"},"content":{"rendered":"<p><strong>Definici\u00f3n<\/strong><\/p><p>Las Peque\u00f1as Comunidades Cristianas son un grupo de personas cristianas que surgen como fruto del primer anuncio (Kerygma) o de la evangelizaci\u00f3n fundamental, donde todos buscan crecer y madurar juntos en la fe de Cristo y en la vivencia del amor fraterno.\u00a0\u201c<em>Las Peque\u00f1as Comunidades Cristianas son una instancia primaria de comuni\u00f3n y c\u00e9lula viva de la parroquia. Est\u00e1n llamadas a transformar la vida en torno a los valores del Evangelio<\/em>\u201d\u00a0(CPV 11, 97).<\/p><p><strong>Objetivo general<\/strong><\/p><p>Las Peque\u00f1as Comunidades Cristianas tienen el objetivo de ser iglesia en cada sector, animando la fe en la comunidad,\u00a0\u201c<em>propulsoras de comuni\u00f3n entre sus miembros y con las otras instancias eclesiales, especialmente con la Parroquia<\/em>\u201d\u00a0(CPV 11, 174).<\/p><p><strong>Objetivos espec\u00edficos<\/strong><\/p><ol class=\"wp-block-list\"><li>Orar y alimentar la Comuni\u00f3n con Dios.<\/li>\n\n<li>Formarse y dar raz\u00f3n de nuestra fe.<\/li>\n\n<li>Ayudar a los m\u00e1s necesitados.<\/li>\n\n<li>Celebrar la fe y estrechar la alianza con Dios.<\/li>\n\n<li>Fortalecer las diversas pastorales: familiar, catequesis, juvenil, vocacional,educativa, social, de salud, b\u00edblica, misionera y de medios de comunicaci\u00f3n de las Di\u00f3cesis de San Carlos y de la Iglesia.<\/li><\/ol><p><strong>Valores Constitutivos<\/strong><\/p><p>Las Peque\u00f1as Comunidades Cristianas avivan la oraci\u00f3n, el sentido de familia cristiana, la reflexi\u00f3n y an\u00e1lisis de la realidad, la evangelizaci\u00f3n, la solidaridad y el compromiso.<\/p><p><strong>Misi\u00f3n<\/strong><\/p><p>Las Peque\u00f1as Comunidades Cristianas plantean una nueva forma de relaci\u00f3n interpersonal, desde la fe; la posibilidad de profundizaci\u00f3n en la Palabra de Dios; la participaci\u00f3n m\u00e1s consciente en las celebraciones de la fe y un mayor compromiso en su realidad social. (CPV 11, 18). Ellas, generan, en la medida de sus posibilidades, servicios pastorales que garanticen su crecimiento y su incidencia en el entorno, en comuni\u00f3n con la parroquia. (CPV 11, 177).<\/p><p><strong>Visi\u00f3n<\/strong><\/p><p>Las Peque\u00f1as Comunidades Cristianas, llamadas por vocaci\u00f3n, a vivir la dimensi\u00f3n prof\u00e9tica de la vida cristiana, ser testigos de la verdad, comprometerse concretamente con la b\u00fasqueda del bien com\u00fan, tomando conciencia de los derechos humanos, detectando injusticias y saliendo a la defensa de los valores que dignifican a la persona concreta. Son\u00a0\u201c<em>lugares de evangelizaci\u00f3n<\/em>\u201d que constituyen una \u201c<em>esperanza para la Iglesia universal<\/em>\u201d (CPV 11,\u00a098)<\/p>","protected":false},"excerpt":{"rendered":"<p>Definici\u00f3n Las Peque\u00f1as Comunidades Cristianas son un grupo de personas cristianas que surgen como fruto&#8230;<\/p>\n","protected":false},"author":1,"featured_media":0,"parent":2,"menu_order":0,"comment_status":"closed","ping_status":"closed","template":"","meta":{"_eb_attr":"","om_disable_all_campaigns":false,"_monsterinsights_skip_tracking":false,"_monsterinsights_sitenote_active":false,"_monsterinsights_sitenote_note":"","_monsterinsights_sitenote_category":0,"_uf_show_specific_survey":0,"_uf_disable_surveys":false,"footnotes":""},"class_list":["post-197","page","type-page","status-publish","hentry"],"aioseo_notices":[],"_links":{"self":[{"href":"https:\/\/diocesisdesancarloscojedes.com\/index.php?rest_route=\/wp\/v2\/pages\/197"}],"collection":[{"href":"https:\/\/diocesisdesancarloscojedes.com\/index.php?rest_route=\/wp\/v2\/pages"}],"about":[{"href":"https:\/\/diocesisdesancarloscojedes.com\/index.php?rest_route=\/wp\/v2\/types\/page"}],"author":[{"embeddable":true,"href":"https:\/\/diocesisdesancarloscojedes.com\/index.php?rest_route=\/wp\/v2\/users\/1"}],"replies":[{"embeddable":true,"href":"https:\/\/diocesisdesancarloscojedes.com\/index.php?rest_route=%2Fwp%2Fv2%2Fcomments&post=197"}],"version-history":[{"count":2,"href":"https:\/\/diocesisdesancarloscojedes.com\/index.php?rest_route=\/wp\/v2\/pages\/197\/revisions"}],"predecessor-version":[{"id":809,"href":"https:\/\/diocesisdesancarloscojedes.com\/index.php?rest_route=\/wp\/v2\/pages\/197\/revisions\/809"}],"up":[{"embeddable":true,"href":"https:\/\/diocesisdesancarloscojedes.com\/index.php?rest_route=\/wp\/v2\/pages\/2"}],"wp:attachment":[{"href":"https:\/\/diocesisdesancarloscojedes.com\/index.php?rest_route=%2Fwp%2Fv2%2Fmedia&parent=197"}],"curies":[{"name":"wp","href":"https:\/\/api.w.org\/{rel}","templated":true}]}}