{"id":195,"date":"2023-05-06T22:39:00","date_gmt":"2023-05-06T22:39:00","guid":{"rendered":"https:\/\/diocesisdesancarloscojedes.com\/?page_id=195"},"modified":"2023-06-02T13:04:25","modified_gmt":"2023-06-02T13:04:25","slug":"plan-pastoral","status":"publish","type":"page","link":"https:\/\/diocesisdesancarloscojedes.com\/?page_id=195","title":{"rendered":"Plan Pastoral"},"content":{"rendered":"<figure class=\"wp-block-image alignright size-large is-resized\"><img fetchpriority=\"high\" decoding=\"async\" src=\"https:\/\/diocesisdesancarloscojedes.com\/wp-content\/uploads\/2023\/05\/P1-661x1024.png\" alt=\"\" class=\"wp-image-499\" width=\"441\" height=\"684\" srcset=\"https:\/\/diocesisdesancarloscojedes.com\/wp-content\/uploads\/2023\/05\/P1-661x1024.png 661w, https:\/\/diocesisdesancarloscojedes.com\/wp-content\/uploads\/2023\/05\/P1-194x300.png 194w, https:\/\/diocesisdesancarloscojedes.com\/wp-content\/uploads\/2023\/05\/P1-768x1190.png 768w, https:\/\/diocesisdesancarloscojedes.com\/wp-content\/uploads\/2023\/05\/P1-991x1536.png 991w, https:\/\/diocesisdesancarloscojedes.com\/wp-content\/uploads\/2023\/05\/P1-1321x2048.png 1321w, https:\/\/diocesisdesancarloscojedes.com\/wp-content\/uploads\/2023\/05\/P1-1024x1587.png 1024w, https:\/\/diocesisdesancarloscojedes.com\/wp-content\/uploads\/2023\/05\/P1-600x930.png 600w, https:\/\/diocesisdesancarloscojedes.com\/wp-content\/uploads\/2023\/05\/P1.png 1746w\" sizes=\"(max-width: 441px) 100vw, 441px\" \/><\/figure><p>El documento conclusivo de Aparecida nos dice que, para poder cumplir con esta meta, es necesaria&nbsp;una renovaci\u00f3n pastoral y esto significa \u201cla renovaci\u00f3n&nbsp;de las parroquias como motores dinamizadores de la&nbsp;acci\u00f3n de la Di\u00f3cesis\u201d, reformular sus estructuras para&nbsp;que sean una red de comunidades y grupos, capaces de articularse logrando que sus miembros se sientan y sean realmente disc\u00edpulos misioneros en comuni\u00f3n (DA&nbsp;172).<\/p><p>Es desde aqu\u00ed donde nace el deseo y el llamado del Esp\u00edritu a realizar la Pastoral Org\u00e1nica. La parroquia presidida por el P\u00e1rroco, en uni\u00f3n con su Obispo, debe conducir una acci\u00f3n pastoral org\u00e1nica renovada y vigorosa, de manera que todas las \u00e1reas y grupos de la parroquia se orienten en un mismo proyecto misionero para comunicar vida en el propio territorio (Cf. DA&nbsp;169). Este plan pastoral que surge de un camino de variada participaci\u00f3n, hace posible la pastoral org\u00e1nica, capaz de dar respuesta a los nuevos desaf\u00edos.<\/p><p>Este plan pastoral, que se convierte en nuestras orientaciones pastorales, solo ser\u00e1 eficiente si cada agente de pastoral, cada peque\u00f1a comunidad cristiana, cada \u00e1rea de pastoral, cada grupo, se inserta activamente en la pastoral org\u00e1nica que desde la parroquia dinamiza el acontecer y el crecimiento de la Di\u00f3cesis. Cabe destacar que, tener un plan pastoral y renovar las estructuras no es suficiente si no somos Agentes Pastorales con un Esp\u00edritu nuevo; \u201cA vino nuevo, odres nuevos\u201d. Es as\u00ed como la renovaci\u00f3n nos exige ser&nbsp;Hombres y Mujeres Nuevos, seg\u00fan nos ense\u00f1a San Pablo.<\/p><p>Pablo VI en su Exhortaci\u00f3n Apost\u00f3lica \u201cEvangelii Nuntiandi\u201d en el numero 36 nos dice: \u201cLa Iglesia considera ciertamente importante y urgente la edificaci\u00f3n de estructuras m\u00e1s humanas, m\u00e1s justas, m\u00e1s respetuosas de los derechos de las personas, menos opresivas y menos avallasadoras; pero es consciente que a\u00fan las mejores estructuras, los sistemas m\u00e1s idealizados se convierten pronto en inhumanos si las inclinaciones inhumanas del hombre no son saneadas, si no hay una conversi\u00f3n de coraz\u00f3n y mente por parte de quienes viven en esas estructuras o las rigen\u201d. Continua diciendo \u201cpero la verdad es que no hay humanidad&nbsp;nueva si no hay en primer lugar hombres nuevos, con la novedad del bautismo y de la vida seg\u00fan el Evangelio\u201d.<\/p><p>Es por eso que este cambio interior debe estar en primer lugar en los agentes pastorales, tomando en&nbsp;cuenta que la \u201cfinalidad de la evangelizaci\u00f3n es este&nbsp;cambio interior y, si hubiese que resumirlo en una palabra, lo mejor ser\u00eda decir que la Iglesia Evangeliza cuando, por la sola fuerza divina del mensaje que proclama trata de convertir al mismo tiempo la conciencia personal y colectiva de los hombres, la actividad en la que ellos est\u00e1n comprometidos, su vida y ambientes concretos\u201d.<\/p><p>Todo esto nos exige el testimonio personal en todos los aspectos de la vida individual y comunitaria. Ponemos este plan pastoral en manos de Mar\u00eda Sant\u00edsima, la Madre del Divino Pastor, para que ella nos lleve de la mano a su Hijo, Nuestro Se\u00f1or Jesucristo.<\/p><div class=\"wp-block-buttons is-layout-flex wp-block-buttons-is-layout-flex\"><div class=\"wp-block-button\"><a class=\"wp-block-button__link has-background wp-element-button\" href=\"http:\/\/diocesisdesancarloscojedes.com?download=576&amp;tmstv=1685655932\" style=\"background-color:#992020\">Descarga<\/a><\/div><\/div>","protected":false},"excerpt":{"rendered":"<p>El documento conclusivo de Aparecida nos dice que, para poder cumplir con esta meta, es&#8230;<\/p>\n","protected":false},"author":1,"featured_media":0,"parent":2,"menu_order":0,"comment_status":"closed","ping_status":"closed","template":"","meta":{"_eb_attr":"","om_disable_all_campaigns":false,"_monsterinsights_skip_tracking":false,"_monsterinsights_sitenote_active":false,"_monsterinsights_sitenote_note":"","_monsterinsights_sitenote_category":0,"_uf_show_specific_survey":0,"_uf_disable_surveys":false,"footnotes":""},"class_list":["post-195","page","type-page","status-publish","hentry"],"aioseo_notices":[],"_links":{"self":[{"href":"https:\/\/diocesisdesancarloscojedes.com\/index.php?rest_route=\/wp\/v2\/pages\/195"}],"collection":[{"href":"https:\/\/diocesisdesancarloscojedes.com\/index.php?rest_route=\/wp\/v2\/pages"}],"about":[{"href":"https:\/\/diocesisdesancarloscojedes.com\/index.php?rest_route=\/wp\/v2\/types\/page"}],"author":[{"embeddable":true,"href":"https:\/\/diocesisdesancarloscojedes.com\/index.php?rest_route=\/wp\/v2\/users\/1"}],"replies":[{"embeddable":true,"href":"https:\/\/diocesisdesancarloscojedes.com\/index.php?rest_route=%2Fwp%2Fv2%2Fcomments&post=195"}],"version-history":[{"count":8,"href":"https:\/\/diocesisdesancarloscojedes.com\/index.php?rest_route=\/wp\/v2\/pages\/195\/revisions"}],"predecessor-version":[{"id":601,"href":"https:\/\/diocesisdesancarloscojedes.com\/index.php?rest_route=\/wp\/v2\/pages\/195\/revisions\/601"}],"up":[{"embeddable":true,"href":"https:\/\/diocesisdesancarloscojedes.com\/index.php?rest_route=\/wp\/v2\/pages\/2"}],"wp:attachment":[{"href":"https:\/\/diocesisdesancarloscojedes.com\/index.php?rest_route=%2Fwp%2Fv2%2Fmedia&parent=195"}],"curies":[{"name":"wp","href":"https:\/\/api.w.org\/{rel}","templated":true}]}}