{"id":100,"date":"2023-05-06T21:47:07","date_gmt":"2023-05-06T21:47:07","guid":{"rendered":"https:\/\/diocesisdesancarloscojedes.com\/?page_id=100"},"modified":"2023-05-08T22:18:17","modified_gmt":"2023-05-08T22:18:17","slug":"diaconos","status":"publish","type":"page","link":"https:\/\/diocesisdesancarloscojedes.com\/?page_id=100","title":{"rendered":"Di\u00e1conos"},"content":{"rendered":"<div class=\"wp-block-columns is-layout-flex wp-container-core-columns-is-layout-1 wp-block-columns-is-layout-flex\"><div class=\"wp-block-column is-layout-flow wp-block-column-is-layout-flow\"><figure class=\"wp-block-image size-full\"><img fetchpriority=\"high\" decoding=\"async\" width=\"500\" height=\"500\" src=\"http:\/\/diocesisdesancarloscojedes.com\/wp-content\/uploads\/2023\/05\/JOSEA.png\" alt=\"Di\u00e1c\" class=\"wp-image-395\" srcset=\"https:\/\/diocesisdesancarloscojedes.com\/wp-content\/uploads\/2023\/05\/JOSEA.png 500w, https:\/\/diocesisdesancarloscojedes.com\/wp-content\/uploads\/2023\/05\/JOSEA-300x300.png 300w, https:\/\/diocesisdesancarloscojedes.com\/wp-content\/uploads\/2023\/05\/JOSEA-150x150.png 150w, https:\/\/diocesisdesancarloscojedes.com\/wp-content\/uploads\/2023\/05\/JOSEA-100x100.png 100w\" sizes=\"(max-width: 500px) 100vw, 500px\" \/><\/figure><\/div>\n\n<div class=\"wp-block-column is-layout-flow wp-block-column-is-layout-flow\"><figure class=\"wp-block-image size-full\"><img decoding=\"async\" width=\"500\" height=\"500\" src=\"http:\/\/diocesisdesancarloscojedes.com\/wp-content\/uploads\/2023\/05\/EDGAR-ROSARIO.png\" alt=\"\" class=\"wp-image-394\" srcset=\"https:\/\/diocesisdesancarloscojedes.com\/wp-content\/uploads\/2023\/05\/EDGAR-ROSARIO.png 500w, https:\/\/diocesisdesancarloscojedes.com\/wp-content\/uploads\/2023\/05\/EDGAR-ROSARIO-300x300.png 300w, https:\/\/diocesisdesancarloscojedes.com\/wp-content\/uploads\/2023\/05\/EDGAR-ROSARIO-150x150.png 150w, https:\/\/diocesisdesancarloscojedes.com\/wp-content\/uploads\/2023\/05\/EDGAR-ROSARIO-100x100.png 100w\" sizes=\"(max-width: 500px) 100vw, 500px\" \/><\/figure><\/div>\n\n<div class=\"wp-block-column is-layout-flow wp-block-column-is-layout-flow\"><figure class=\"wp-block-image size-full\"><img decoding=\"async\" width=\"500\" height=\"500\" src=\"http:\/\/diocesisdesancarloscojedes.com\/wp-content\/uploads\/2023\/05\/MARCOS-ROS.png\" alt=\"\" class=\"wp-image-396\" srcset=\"https:\/\/diocesisdesancarloscojedes.com\/wp-content\/uploads\/2023\/05\/MARCOS-ROS.png 500w, https:\/\/diocesisdesancarloscojedes.com\/wp-content\/uploads\/2023\/05\/MARCOS-ROS-300x300.png 300w, https:\/\/diocesisdesancarloscojedes.com\/wp-content\/uploads\/2023\/05\/MARCOS-ROS-150x150.png 150w, https:\/\/diocesisdesancarloscojedes.com\/wp-content\/uploads\/2023\/05\/MARCOS-ROS-100x100.png 100w\" sizes=\"(max-width: 500px) 100vw, 500px\" \/><\/figure><\/div><\/div><div class=\"wp-block-columns is-layout-flex wp-container-core-columns-is-layout-2 wp-block-columns-is-layout-flex\"><div class=\"wp-block-column is-layout-flow wp-block-column-is-layout-flow\"><div class=\"wp-block-buttons is-layout-flex wp-block-buttons-is-layout-flex\"><div class=\"wp-block-button\"><a class=\"wp-block-button__link has-background wp-element-button\" style=\"background-color:#bb2626\">Di\u00e1c. Germ\u00e1n Dur\u00e1n<\/a><\/div><\/div><\/div>\n\n<div class=\"wp-block-column is-layout-flow wp-block-column-is-layout-flow\"><div class=\"wp-block-buttons is-layout-flex wp-block-buttons-is-layout-flex\"><div class=\"wp-block-button\"><a class=\"wp-block-button__link has-background wp-element-button\" style=\"background-color:#bd2c2c\">Di\u00e1c. Edgar Rosario<\/a><\/div><\/div><\/div>\n\n<div class=\"wp-block-column is-layout-flow wp-block-column-is-layout-flow\"><div class=\"wp-block-buttons is-layout-flex wp-block-buttons-is-layout-flex\"><div class=\"wp-block-button\"><a class=\"wp-block-button__link has-background wp-element-button\" style=\"background-color:#b92626\">Di\u00e1c. Marcos Rosario<\/a><\/div><\/div><\/div><\/div><div class=\"wp-block-columns is-layout-flex wp-container-core-columns-is-layout-3 wp-block-columns-is-layout-flex\"><div class=\"wp-block-column is-layout-flow wp-block-column-is-layout-flow\"><figure class=\"wp-block-image size-full\"><img loading=\"lazy\" decoding=\"async\" width=\"500\" height=\"500\" src=\"https:\/\/diocesisdesancarloscojedes.com\/wp-content\/uploads\/2023\/05\/DIAOCNO.png\" alt=\"\" class=\"wp-image-399\" srcset=\"https:\/\/diocesisdesancarloscojedes.com\/wp-content\/uploads\/2023\/05\/DIAOCNO.png 500w, https:\/\/diocesisdesancarloscojedes.com\/wp-content\/uploads\/2023\/05\/DIAOCNO-300x300.png 300w, https:\/\/diocesisdesancarloscojedes.com\/wp-content\/uploads\/2023\/05\/DIAOCNO-150x150.png 150w, https:\/\/diocesisdesancarloscojedes.com\/wp-content\/uploads\/2023\/05\/DIAOCNO-100x100.png 100w\" sizes=\"(max-width: 500px) 100vw, 500px\" \/><\/figure><\/div>\n\n<div class=\"wp-block-column is-layout-flow wp-block-column-is-layout-flow\"><\/div>\n\n<div class=\"wp-block-column is-layout-flow wp-block-column-is-layout-flow\"><figure class=\"wp-block-image size-full\"><img loading=\"lazy\" decoding=\"async\" width=\"500\" height=\"500\" src=\"https:\/\/diocesisdesancarloscojedes.com\/wp-content\/uploads\/2023\/05\/FERNANDO-ERA.png\" alt=\"\" class=\"wp-image-400\" srcset=\"https:\/\/diocesisdesancarloscojedes.com\/wp-content\/uploads\/2023\/05\/FERNANDO-ERA.png 500w, https:\/\/diocesisdesancarloscojedes.com\/wp-content\/uploads\/2023\/05\/FERNANDO-ERA-300x300.png 300w, https:\/\/diocesisdesancarloscojedes.com\/wp-content\/uploads\/2023\/05\/FERNANDO-ERA-150x150.png 150w, https:\/\/diocesisdesancarloscojedes.com\/wp-content\/uploads\/2023\/05\/FERNANDO-ERA-100x100.png 100w\" sizes=\"(max-width: 500px) 100vw, 500px\" \/><\/figure><\/div><\/div><div class=\"wp-block-columns is-layout-flex wp-container-core-columns-is-layout-4 wp-block-columns-is-layout-flex\"><div class=\"wp-block-column is-layout-flow wp-block-column-is-layout-flow\"><div class=\"wp-block-buttons is-layout-flex wp-block-buttons-is-layout-flex\"><div class=\"wp-block-button\"><a class=\"wp-block-button__link has-background wp-element-button\" style=\"background-color:#b32929\">Di\u00e1c. Pedro Torres<\/a><\/div><\/div><\/div>\n\n<div class=\"wp-block-column is-layout-flow wp-block-column-is-layout-flow\"><div class=\"wp-block-buttons is-layout-flex wp-block-buttons-is-layout-flex\"><div class=\"wp-block-button has-custom-font-size\" style=\"font-size:18px\"><a class=\"wp-block-button__link has-background wp-element-button\" style=\"background-color:#b52828\">Di\u00e1c. Gerardo Uzc\u00e1tegui<\/a><\/div><\/div><\/div>\n\n<div class=\"wp-block-column is-layout-flow wp-block-column-is-layout-flow\"><div class=\"wp-block-buttons is-layout-flex wp-block-buttons-is-layout-flex\"><div class=\"wp-block-button\"><a class=\"wp-block-button__link has-background wp-element-button\" style=\"background-color:#b62929\">Di\u00e1c. Fernando Hera<\/a><\/div><\/div><\/div><\/div>","protected":false},"excerpt":{"rendered":"","protected":false},"author":1,"featured_media":0,"parent":88,"menu_order":0,"comment_status":"closed","ping_status":"closed","template":"","meta":{"_eb_attr":"","om_disable_all_campaigns":false,"_monsterinsights_skip_tracking":false,"_monsterinsights_sitenote_active":false,"_monsterinsights_sitenote_note":"","_monsterinsights_sitenote_category":0,"_uf_show_specific_survey":0,"_uf_disable_surveys":false,"footnotes":""},"class_list":["post-100","page","type-page","status-publish","hentry"],"aioseo_notices":[],"_links":{"self":[{"href":"https:\/\/diocesisdesancarloscojedes.com\/index.php?rest_route=\/wp\/v2\/pages\/100"}],"collection":[{"href":"https:\/\/diocesisdesancarloscojedes.com\/index.php?rest_route=\/wp\/v2\/pages"}],"about":[{"href":"https:\/\/diocesisdesancarloscojedes.com\/index.php?rest_route=\/wp\/v2\/types\/page"}],"author":[{"embeddable":true,"href":"https:\/\/diocesisdesancarloscojedes.com\/index.php?rest_route=\/wp\/v2\/users\/1"}],"replies":[{"embeddable":true,"href":"https:\/\/diocesisdesancarloscojedes.com\/index.php?rest_route=%2Fwp%2Fv2%2Fcomments&post=100"}],"version-history":[{"count":3,"href":"https:\/\/diocesisdesancarloscojedes.com\/index.php?rest_route=\/wp\/v2\/pages\/100\/revisions"}],"predecessor-version":[{"id":401,"href":"https:\/\/diocesisdesancarloscojedes.com\/index.php?rest_route=\/wp\/v2\/pages\/100\/revisions\/401"}],"up":[{"embeddable":true,"href":"https:\/\/diocesisdesancarloscojedes.com\/index.php?rest_route=\/wp\/v2\/pages\/88"}],"wp:attachment":[{"href":"https:\/\/diocesisdesancarloscojedes.com\/index.php?rest_route=%2Fwp%2Fv2%2Fmedia&parent=100"}],"curies":[{"name":"wp","href":"https:\/\/api.w.org\/{rel}","templated":true}]}}